{"id":844,"date":"2023-10-04T16:15:39","date_gmt":"2023-10-04T14:15:39","guid":{"rendered":"https:\/\/uviord.com\/?page_id=844"},"modified":"2023-10-04T16:17:45","modified_gmt":"2023-10-04T14:17:45","slug":"politica-cookies-portuguese","status":"publish","type":"page","link":"https:\/\/uviord.com\/index.php\/pt\/politica-cookies-portuguese\/","title":{"rendered":"Politica cookies Portuguese"},"content":{"rendered":"\t\t<div data-elementor-type=\"wp-page\" data-elementor-id=\"844\" class=\"elementor elementor-844\">\n\t\t\t\t\t\t<section class=\"elementor-section elementor-top-section elementor-element elementor-element-1854b8e elementor-section-boxed elementor-section-height-default elementor-section-height-default\" data-id=\"1854b8e\" data-element_type=\"section\">\n\t\t\t\t\t\t<div class=\"elementor-container elementor-column-gap-default\">\n\t\t\t\t\t<div class=\"elementor-column elementor-col-100 elementor-top-column elementor-element elementor-element-3dc7a90\" data-id=\"3dc7a90\" data-element_type=\"column\">\n\t\t\t<div class=\"elementor-widget-wrap elementor-element-populated\">\n\t\t\t\t\t\t<div class=\"elementor-element elementor-element-ca16595 elementor-widget elementor-widget-heading\" data-id=\"ca16595\" data-element_type=\"widget\" data-widget_type=\"heading.default\">\n\t\t\t\t<div class=\"elementor-widget-container\">\n\t\t\t\t\t<h2 class=\"elementor-heading-title elementor-size-xl\">Pol\u00edtica de Cookies<\/h2>\t\t\t\t<\/div>\n\t\t\t\t<\/div>\n\t\t\t\t\t<\/div>\n\t\t<\/div>\n\t\t\t\t\t<\/div>\n\t\t<\/section>\n\t\t\t\t<section class=\"elementor-section elementor-top-section elementor-element elementor-element-509e4dcd elementor-section-boxed elementor-section-height-default elementor-section-height-default\" data-id=\"509e4dcd\" data-element_type=\"section\">\n\t\t\t\t\t\t<div class=\"elementor-container elementor-column-gap-default\">\n\t\t\t\t\t<div class=\"elementor-column elementor-col-100 elementor-top-column elementor-element elementor-element-15d283a6\" data-id=\"15d283a6\" data-element_type=\"column\">\n\t\t\t<div class=\"elementor-widget-wrap elementor-element-populated\">\n\t\t\t\t\t\t<div class=\"elementor-element elementor-element-7e5b8467 elementor-widget elementor-widget-text-editor\" data-id=\"7e5b8467\" data-element_type=\"widget\" data-widget_type=\"text-editor.default\">\n\t\t\t\t<div class=\"elementor-widget-container\">\n\t\t\t\t\t\t\t\t\t<p>Introdu\u00e7\u00e3o. Defini\u00e7\u00e3o e fun\u00e7\u00e3o dos cookies<\/p><p>Cookie \u00e9 um arquivo que \u00e9 baixado para o seu computador quando voc\u00ea acessa determinadas p\u00e1ginas da web. Os cookies permitem que um site, entre outras coisas, armazene e recupere informa\u00e7\u00e3o sobre os h\u00e1bitos de navega\u00e7\u00e3o de um utilizador ou do seu equipamento e, dependendo da informa\u00e7\u00e3o que contenham e da forma como utiliza o seu equipamento, podem ser utilizados para reconhecer ao utilizador. O navegador do Usu\u00e1rio armazena Cookies no disco r\u00edgido apenas durante a sess\u00e3o atual, ocupando um espa\u00e7o m\u00ednimo de mem\u00f3ria e n\u00e3o prejudicando o computador. Os cookies n\u00e3o cont\u00eam nenhum tipo de informa\u00e7\u00e3o pessoal espec\u00edfica, sendo a maior parte deles eliminados do disco r\u00edgido no final da sess\u00e3o do navegador (os chamados Cookies de sess\u00e3o).<\/p><p>A maioria dos navegadores aceita Cookies como padr\u00e3o e, independentemente deles, permitem ou impedem Cookies tempor\u00e1rios ou memorizados nas configura\u00e7\u00f5es de seguran\u00e7a.<\/p><p>Sem o seu consentimento expresso \u2013 ao ativar os Cookies no seu navegador \u2013 a GIS n\u00e3o vincular\u00e1 nos cookies os dados armazenados com os seus dados pessoais fornecidos no momento do seu pedido ou compra.<\/p><p>Que tipo de Cookies este site utiliza?<\/p><p>Segundo a entidade que os gere:<\/p><p>Cookies pr\u00f3prios: S\u00e3o aqueles que s\u00e3o enviados desde os nossos pr\u00f3prios computadores ou dom\u00ednio.<br \/>Cookies de terceiros: s\u00e3o aqueles que s\u00e3o enviados a partir de um computador ou dom\u00ednio que n\u00e3o \u00e9 gerido por n\u00f3s, mas sim por uma terceira entidade.<br \/>Dependendo do per\u00edodo de tempo que permanecem ativados:<\/p><p>Cookies de sess\u00e3o: S\u00e3o cookies tempor\u00e1rios que permanecem no seu navegador at\u00e9 sair do site, e n\u00e3o ficam gravados no disco r\u00edgido do seu computador ou dispositivo equivalente. Com ele s\u00e3o analisados \u200b\u200bos padr\u00f5es de tr\u00e1fego no site, o que nos permite melhorar progressivamente os conte\u00fados e utiliza\u00e7\u00f5es do site.<br \/>Cookies persistentes: s\u00e3o aqueles que ficam armazenados no disco r\u00edgido durante um determinado tempo e s\u00e3o lidos pelo nosso site cada vez que \u00e9 feita uma nova visita. Esses cookies expiram ap\u00f3s o per\u00edodo pr\u00e9-estabelecido e geralmente s\u00e3o utilizados para facilitar servi\u00e7os de compra e registro.<br \/>De acordo com sua finalidade:<\/p><p>Cookies t\u00e9cnicos: S\u00e3o aqueles que permitem ao usu\u00e1rio obter uma navega\u00e7\u00e3o satisfat\u00f3ria, pois permitem o bom funcionamento do site. Por exemplo, permitem controlar o tr\u00e1fego e a comunica\u00e7\u00e3o de dados, aceder a \u00e1reas de acesso restrito, realizar o processo de compra ou formul\u00e1rio de candidatura, utilizar elementos de seguran\u00e7a, armazenar conte\u00fados para divulga\u00e7\u00e3o de v\u00eddeos ou partilhar conte\u00fados atrav\u00e9s de redes sociais.<br \/>Cookies de personaliza\u00e7\u00e3o: S\u00e3o aqueles que permitem ao utilizador aceder ao servi\u00e7o com caracter\u00edsticas predefinidas com base numa s\u00e9rie de crit\u00e9rios (idioma, tipo de navegador atrav\u00e9s do qual acede ao servi\u00e7o, configura\u00e7\u00e3o regional a partir da qual acede ao servi\u00e7o, etc&#8230;) .<br \/>Cookies de an\u00e1lise: S\u00e3o aqueles que permitem quantificar o n\u00famero de utilizadores e assim realizar a medi\u00e7\u00e3o e an\u00e1lise estat\u00edstica da utiliza\u00e7\u00e3o que os utilizadores fazem dos servi\u00e7os prestados.<br \/>Cookies publicit\u00e1rios: S\u00e3o aqueles que permitem a gest\u00e3o, da forma mais eficiente poss\u00edvel, dos espa\u00e7os publicit\u00e1rios que oferecemos.<br \/>Cookies de publicidade comportamental: S\u00e3o aqueles que armazenam informa\u00e7\u00f5es sobre o comportamento do usu\u00e1rio obtidas atrav\u00e9s da observa\u00e7\u00e3o cont\u00ednua dos seus h\u00e1bitos de navega\u00e7\u00e3o, permitindo o desenvolvimento de um perfil espec\u00edfico para exibir publicidade com base nele.<br \/>Abaixo detalhamos os Cookies utilizados em nosso site e sua finalidade:<\/p><p>Cookies pr\u00f3prios<\/p><p>Os cookies que est\u00e3o a ser utilizados neste portal bem como o seu tipo e fun\u00e7\u00e3o s\u00e3o identificados abaixo: O site uviord.com utiliza um cookie de tipo t\u00e9cnico denominado ASP.NET_SessionId. Este cookie permite armazenar um identificador \u00fanico por sess\u00e3o atrav\u00e9s do qual \u00e9 poss\u00edvel vincular os dados necess\u00e1rios para permitir a navega\u00e7\u00e3o cont\u00ednua.<\/p><p>Por \u00faltimo, \u00e9 descarregado um cookie de tipo t\u00e9cnico denominado cookies_policy, de tipo pr\u00f3prio, t\u00e9cnico e de sess\u00e3o. Gere o consentimento do utilizador para a utiliza\u00e7\u00e3o de cookies no site, de forma a lembrar os utilizadores que os aceitaram e os que n\u00e3o os aceitaram, para que aos primeiros n\u00e3o seja mostrada informa\u00e7\u00e3o no topo da p\u00e1gina sobre.<\/p><p>Cookies de terceiros<\/p><p>Nome do provedor: Google Analytics<br \/>Finalidade do Cookie: Para an\u00e1lise<br \/>Descri\u00e7\u00e3o da finalidade do Cookie: S\u00e3o aqueles que permitem quantificar o n\u00famero de utilizadores e assim realizar a medi\u00e7\u00e3o e an\u00e1lise estat\u00edstica da utiliza\u00e7\u00e3o que os utilizadores fazem dos servi\u00e7os prestados.<br \/>Mais informa\u00e7\u00f5es em: https:\/\/www.google.es\/intl\/es\/policies\/privacy\/<br \/>Estes dados s\u00e3o atualizados com a maior brevidade poss\u00edvel quando ocorre qualquer tipo de altera\u00e7\u00e3o nos servi\u00e7os oferecidos no site. No entanto, pode acontecer que durante a atualiza\u00e7\u00e3o j\u00e1 n\u00e3o inclui quaisquer Cookies, embora se refiram sempre a Cookies com finalidades id\u00eanticas \u00e0s registadas na lista.<\/p><p>Aceita\u00e7\u00e3o do uso de cookies. Obten\u00e7\u00e3o de consentimento e como desativar ou excluir cookies.<\/p><p>O Utilizador aceita expressamente, ao utilizar este site, o tratamento da informa\u00e7\u00e3o recolhida na forma e para os fins acima mencionados. E tamb\u00e9m reconhece a possibilidade de rejeitar o tratamento de tais dados ou informa\u00e7\u00f5es, rejeitando a utiliza\u00e7\u00e3o de Cookies, selecionando as configura\u00e7\u00f5es apropriadas para esse fim no seu navegador. Embora esta op\u00e7\u00e3o de bloquear Cookies no seu navegador possa n\u00e3o permitir que voc\u00ea utilize plenamente todas as funcionalidades do Site e possa tornar a sua experi\u00eancia no nosso Site menos satisfat\u00f3ria.<\/p><p>Voc\u00ea pode permitir, bloquear ou excluir cookies instalados no seu computador configurando as op\u00e7\u00f5es do navegador instalado no seu computador:<\/p><p>Internet Explorer: http:\/\/Windows.microsoft.com\/es-xl\/internet-explorer\/delete-manage-cookies#ie=ie-10<br \/>Firefox: http:\/\/support.mozilla.org\/es\/kb\/Delete%20cookies<br \/>Cromo: http:\/\/support.google.com\/chrome\/answer\/95647?hl=es<br \/>\u00d3pera: http:\/\/help.opera.com\/Windows\/12.00\/es-ES\/cookies.html<\/p><p>\u00a0<\/p><p><!-- \/wp:paragraph --><\/p>\t\t\t\t\t\t\t\t<\/div>\n\t\t\t\t<\/div>\n\t\t\t\t\t<\/div>\n\t\t<\/div>\n\t\t\t\t\t<\/div>\n\t\t<\/section>\n\t\t\t\t<\/div>\n\t\t","protected":false},"excerpt":{"rendered":"<p>Pol\u00edtica de Cookies Introdu\u00e7\u00e3o. Defini\u00e7\u00e3o e fun\u00e7\u00e3o dos cookies Cookie \u00e9 um arquivo que \u00e9 baixado para o seu computador quando voc\u00ea acessa determinadas p\u00e1ginas da web. Os cookies permitem que um site, entre outras coisas, armazene e recupere informa\u00e7\u00e3o sobre os h\u00e1bitos de navega\u00e7\u00e3o de um utilizador ou do seu equipamento e, dependendo da [&hellip;]<\/p>\n","protected":false},"author":1,"featured_media":0,"parent":0,"menu_order":0,"comment_status":"closed","ping_status":"closed","template":"elementor_header_footer","meta":{"_monsterinsights_skip_tracking":false,"_monsterinsights_sitenote_active":false,"_monsterinsights_sitenote_note":"","_monsterinsights_sitenote_category":0,"footnotes":""},"yoast_head":"<!-- This site is optimized with the Yoast SEO plugin v24.5 - https:\/\/yoast.com\/wordpress\/plugins\/seo\/ -->\n<title>Politica cookies Portuguese - Uvio<\/title>\n<meta name=\"robots\" content=\"index, follow, max-snippet:-1, max-image-preview:large, max-video-preview:-1\" \/>\n<link rel=\"canonical\" href=\"https:\/\/uviord.com\/index.php\/pt\/politica-cookies-portuguese\/\" \/>\n<meta property=\"og:locale\" content=\"es_ES\" \/>\n<meta property=\"og:type\" content=\"article\" \/>\n<meta property=\"og:title\" content=\"Politica cookies Portuguese - Uvio\" \/>\n<meta property=\"og:description\" content=\"Pol\u00edtica de Cookies Introdu\u00e7\u00e3o. Defini\u00e7\u00e3o e fun\u00e7\u00e3o dos cookies Cookie \u00e9 um arquivo que \u00e9 baixado para o seu computador quando voc\u00ea acessa determinadas p\u00e1ginas da web. Os cookies permitem que um site, entre outras coisas, armazene e recupere informa\u00e7\u00e3o sobre os h\u00e1bitos de navega\u00e7\u00e3o de um utilizador ou do seu equipamento e, dependendo da [&hellip;]\" \/>\n<meta property=\"og:url\" content=\"https:\/\/uviord.com\/index.php\/pt\/politica-cookies-portuguese\/\" \/>\n<meta property=\"og:site_name\" content=\"Uvio\" \/>\n<meta property=\"article:modified_time\" content=\"2023-10-04T14:17:45+00:00\" \/>\n<meta name=\"twitter:card\" content=\"summary_large_image\" \/>\n<meta name=\"twitter:label1\" content=\"Tiempo de lectura\" \/>\n\t<meta name=\"twitter:data1\" content=\"5 minutos\" \/>\n<script type=\"application\/ld+json\" class=\"yoast-schema-graph\">{\"@context\":\"https:\/\/schema.org\",\"@graph\":[{\"@type\":\"WebPage\",\"@id\":\"https:\/\/uviord.com\/index.php\/pt\/politica-cookies-portuguese\/\",\"url\":\"https:\/\/uviord.com\/index.php\/pt\/politica-cookies-portuguese\/\",\"name\":\"Politica cookies Portuguese - Uvio\",\"isPartOf\":{\"@id\":\"https:\/\/uviord.com\/#website\"},\"datePublished\":\"2023-10-04T14:15:39+00:00\",\"dateModified\":\"2023-10-04T14:17:45+00:00\",\"breadcrumb\":{\"@id\":\"https:\/\/uviord.com\/index.php\/pt\/politica-cookies-portuguese\/#breadcrumb\"},\"inLanguage\":\"es\",\"potentialAction\":[{\"@type\":\"ReadAction\",\"target\":[\"https:\/\/uviord.com\/index.php\/pt\/politica-cookies-portuguese\/\"]}]},{\"@type\":\"BreadcrumbList\",\"@id\":\"https:\/\/uviord.com\/index.php\/pt\/politica-cookies-portuguese\/#breadcrumb\",\"itemListElement\":[{\"@type\":\"ListItem\",\"position\":1,\"name\":\"Portada\",\"item\":\"https:\/\/uviord.com\/\"},{\"@type\":\"ListItem\",\"position\":2,\"name\":\"Politica cookies Portuguese\"}]},{\"@type\":\"WebSite\",\"@id\":\"https:\/\/uviord.com\/#website\",\"url\":\"https:\/\/uviord.com\/\",\"name\":\"Uvio\",\"description\":\"\",\"publisher\":{\"@id\":\"https:\/\/uviord.com\/#organization\"},\"potentialAction\":[{\"@type\":\"SearchAction\",\"target\":{\"@type\":\"EntryPoint\",\"urlTemplate\":\"https:\/\/uviord.com\/?s={search_term_string}\"},\"query-input\":{\"@type\":\"PropertyValueSpecification\",\"valueRequired\":true,\"valueName\":\"search_term_string\"}}],\"inLanguage\":\"es\"},{\"@type\":\"Organization\",\"@id\":\"https:\/\/uviord.com\/#organization\",\"name\":\"Uvio\",\"url\":\"https:\/\/uviord.com\/\",\"logo\":{\"@type\":\"ImageObject\",\"inLanguage\":\"es\",\"@id\":\"https:\/\/uviord.com\/#\/schema\/logo\/image\/\",\"url\":\"https:\/\/uviord.com\/wp-content\/uploads\/2020\/06\/cropped-logo-uvio.png\",\"contentUrl\":\"https:\/\/uviord.com\/wp-content\/uploads\/2020\/06\/cropped-logo-uvio.png\",\"width\":658,\"height\":273,\"caption\":\"Uvio\"},\"image\":{\"@id\":\"https:\/\/uviord.com\/#\/schema\/logo\/image\/\"}}]}<\/script>\n<!-- \/ Yoast SEO plugin. -->","yoast_head_json":{"title":"Politica cookies Portuguese - Uvio","robots":{"index":"index","follow":"follow","max-snippet":"max-snippet:-1","max-image-preview":"max-image-preview:large","max-video-preview":"max-video-preview:-1"},"canonical":"https:\/\/uviord.com\/index.php\/pt\/politica-cookies-portuguese\/","og_locale":"es_ES","og_type":"article","og_title":"Politica cookies Portuguese - Uvio","og_description":"Pol\u00edtica de Cookies Introdu\u00e7\u00e3o. Defini\u00e7\u00e3o e fun\u00e7\u00e3o dos cookies Cookie \u00e9 um arquivo que \u00e9 baixado para o seu computador quando voc\u00ea acessa determinadas p\u00e1ginas da web. Os cookies permitem que um site, entre outras coisas, armazene e recupere informa\u00e7\u00e3o sobre os h\u00e1bitos de navega\u00e7\u00e3o de um utilizador ou do seu equipamento e, dependendo da [&hellip;]","og_url":"https:\/\/uviord.com\/index.php\/pt\/politica-cookies-portuguese\/","og_site_name":"Uvio","article_modified_time":"2023-10-04T14:17:45+00:00","twitter_card":"summary_large_image","twitter_misc":{"Tiempo de lectura":"5 minutos"},"schema":{"@context":"https:\/\/schema.org","@graph":[{"@type":"WebPage","@id":"https:\/\/uviord.com\/index.php\/pt\/politica-cookies-portuguese\/","url":"https:\/\/uviord.com\/index.php\/pt\/politica-cookies-portuguese\/","name":"Politica cookies Portuguese - Uvio","isPartOf":{"@id":"https:\/\/uviord.com\/#website"},"datePublished":"2023-10-04T14:15:39+00:00","dateModified":"2023-10-04T14:17:45+00:00","breadcrumb":{"@id":"https:\/\/uviord.com\/index.php\/pt\/politica-cookies-portuguese\/#breadcrumb"},"inLanguage":"es","potentialAction":[{"@type":"ReadAction","target":["https:\/\/uviord.com\/index.php\/pt\/politica-cookies-portuguese\/"]}]},{"@type":"BreadcrumbList","@id":"https:\/\/uviord.com\/index.php\/pt\/politica-cookies-portuguese\/#breadcrumb","itemListElement":[{"@type":"ListItem","position":1,"name":"Portada","item":"https:\/\/uviord.com\/"},{"@type":"ListItem","position":2,"name":"Politica cookies Portuguese"}]},{"@type":"WebSite","@id":"https:\/\/uviord.com\/#website","url":"https:\/\/uviord.com\/","name":"Uvio","description":"","publisher":{"@id":"https:\/\/uviord.com\/#organization"},"potentialAction":[{"@type":"SearchAction","target":{"@type":"EntryPoint","urlTemplate":"https:\/\/uviord.com\/?s={search_term_string}"},"query-input":{"@type":"PropertyValueSpecification","valueRequired":true,"valueName":"search_term_string"}}],"inLanguage":"es"},{"@type":"Organization","@id":"https:\/\/uviord.com\/#organization","name":"Uvio","url":"https:\/\/uviord.com\/","logo":{"@type":"ImageObject","inLanguage":"es","@id":"https:\/\/uviord.com\/#\/schema\/logo\/image\/","url":"https:\/\/uviord.com\/wp-content\/uploads\/2020\/06\/cropped-logo-uvio.png","contentUrl":"https:\/\/uviord.com\/wp-content\/uploads\/2020\/06\/cropped-logo-uvio.png","width":658,"height":273,"caption":"Uvio"},"image":{"@id":"https:\/\/uviord.com\/#\/schema\/logo\/image\/"}}]}},"_links":{"self":[{"href":"https:\/\/uviord.com\/index.php\/wp-json\/wp\/v2\/pages\/844"}],"collection":[{"href":"https:\/\/uviord.com\/index.php\/wp-json\/wp\/v2\/pages"}],"about":[{"href":"https:\/\/uviord.com\/index.php\/wp-json\/wp\/v2\/types\/page"}],"author":[{"embeddable":true,"href":"https:\/\/uviord.com\/index.php\/wp-json\/wp\/v2\/users\/1"}],"replies":[{"embeddable":true,"href":"https:\/\/uviord.com\/index.php\/wp-json\/wp\/v2\/comments?post=844"}],"version-history":[{"count":4,"href":"https:\/\/uviord.com\/index.php\/wp-json\/wp\/v2\/pages\/844\/revisions"}],"predecessor-version":[{"id":848,"href":"https:\/\/uviord.com\/index.php\/wp-json\/wp\/v2\/pages\/844\/revisions\/848"}],"wp:attachment":[{"href":"https:\/\/uviord.com\/index.php\/wp-json\/wp\/v2\/media?parent=844"}],"curies":[{"name":"wp","href":"https:\/\/api.w.org\/{rel}","templated":true}]}}