{"id":825,"date":"2023-10-04T15:49:48","date_gmt":"2023-10-04T13:49:48","guid":{"rendered":"https:\/\/uviord.com\/?page_id=825"},"modified":"2023-10-04T15:54:35","modified_gmt":"2023-10-04T13:54:35","slug":"politica-cookies-frances","status":"publish","type":"page","link":"https:\/\/uviord.com\/index.php\/fr\/politica-cookies-frances\/","title":{"rendered":"Politica cookies frances"},"content":{"rendered":"\t\t<div data-elementor-type=\"wp-page\" data-elementor-id=\"825\" class=\"elementor elementor-825\">\n\t\t\t\t\t\t<section class=\"elementor-section elementor-top-section elementor-element elementor-element-1854b8e elementor-section-boxed elementor-section-height-default elementor-section-height-default\" data-id=\"1854b8e\" data-element_type=\"section\">\n\t\t\t\t\t\t<div class=\"elementor-container elementor-column-gap-default\">\n\t\t\t\t\t<div class=\"elementor-column elementor-col-100 elementor-top-column elementor-element elementor-element-3dc7a90\" data-id=\"3dc7a90\" data-element_type=\"column\">\n\t\t\t<div class=\"elementor-widget-wrap elementor-element-populated\">\n\t\t\t\t\t\t<div class=\"elementor-element elementor-element-ca16595 elementor-widget elementor-widget-heading\" data-id=\"ca16595\" data-element_type=\"widget\" data-widget_type=\"heading.default\">\n\t\t\t\t<div class=\"elementor-widget-container\">\n\t\t\t\t\t<h2 class=\"elementor-heading-title elementor-size-xl\">Politique de cookies<\/h2>\t\t\t\t<\/div>\n\t\t\t\t<\/div>\n\t\t\t\t\t<\/div>\n\t\t<\/div>\n\t\t\t\t\t<\/div>\n\t\t<\/section>\n\t\t\t\t<section class=\"elementor-section elementor-top-section elementor-element elementor-element-509e4dcd elementor-section-boxed elementor-section-height-default elementor-section-height-default\" data-id=\"509e4dcd\" data-element_type=\"section\">\n\t\t\t\t\t\t<div class=\"elementor-container elementor-column-gap-default\">\n\t\t\t\t\t<div class=\"elementor-column elementor-col-100 elementor-top-column elementor-element elementor-element-15d283a6\" data-id=\"15d283a6\" data-element_type=\"column\">\n\t\t\t<div class=\"elementor-widget-wrap elementor-element-populated\">\n\t\t\t\t\t\t<div class=\"elementor-element elementor-element-7e5b8467 elementor-widget elementor-widget-text-editor\" data-id=\"7e5b8467\" data-element_type=\"widget\" data-widget_type=\"text-editor.default\">\n\t\t\t\t<div class=\"elementor-widget-container\">\n\t\t\t\t\t\t\t\t\t<p>Introduction. D\u00e9finition et fonction des cookies<\/p><p>Un cookie est un fichier t\u00e9l\u00e9charg\u00e9 sur votre ordinateur lorsque vous acc\u00e9dez \u00e0 certaines pages Web. Les cookies permettent, entre autres, \u00e0 un site Web de stocker et de r\u00e9cup\u00e9rer des informations sur les habitudes de navigation d&#8217;un utilisateur ou de son \u00e9quipement et, en fonction des informations qu&#8217;ils contiennent et de la mani\u00e8re dont vous utilisez votre \u00e9quipement, ils peuvent \u00eatre utilis\u00e9s pour reconna\u00eetre l&#8217;utilisateur. Le navigateur de l&#8217;utilisateur stocke les cookies sur le disque dur uniquement pendant la session en cours, occupant un minimum d&#8217;espace m\u00e9moire et n&#8217;endommageant pas l&#8217;ordinateur. Les cookies ne contiennent aucun type d&#8217;informations personnelles sp\u00e9cifiques et la plupart d&#8217;entre eux sont supprim\u00e9s du disque dur \u00e0 la fin de la session du navigateur (appel\u00e9s cookies de session).<\/p><p>La plupart des navigateurs acceptent par d\u00e9faut les Cookies et, ind\u00e9pendamment d&#8217;eux, autorisent ou emp\u00eachent les Cookies temporaires ou m\u00e9moris\u00e9s dans les param\u00e8tres de s\u00e9curit\u00e9.<\/p><p>Sans votre consentement expr\u00e8s \u2013 en activant les Cookies dans votre navigateur \u2013 GIS ne liera pas dans les cookies les donn\u00e9es stock\u00e9es avec vos donn\u00e9es personnelles fournies au moment de votre demande ou achat.<\/p><p>Quel type de cookies ce site Web utilise-t-il ?<\/p><p>Selon l&#8217;entit\u00e9 qui les g\u00e8re :<\/p><p>Cookies propres\u00a0: ce sont ceux qui sont envoy\u00e9s depuis notre propre ordinateur ou domaine.<br \/>Cookies tiers : sont ceux qui sont envoy\u00e9s depuis un ordinateur ou un domaine qui n&#8217;est pas g\u00e9r\u00e9 par nous, mais par une entit\u00e9 tierce.<br \/>En fonction de la dur\u00e9e pendant laquelle ils restent activ\u00e9s\u00a0:<\/p><p>Cookies de session : Il s&#8217;agit de cookies temporaires qui restent dans votre navigateur jusqu&#8217;\u00e0 ce que vous quittiez le site Web, et ne sont pas enregistr\u00e9s sur le disque dur de votre ordinateur ou appareil \u00e9quivalent. Gr\u00e2ce \u00e0 lui, les mod\u00e8les de trafic sur le site Web sont analys\u00e9s, ce qui nous permet d&#8217;am\u00e9liorer progressivement le contenu et les utilisations du site Web.<br \/>Cookies persistants : ce sont ceux qui sont stock\u00e9s sur le disque dur pendant un certain temps et qui sont lus par notre site Internet \u00e0 chaque nouvelle visite. Ces cookies expirent apr\u00e8s la p\u00e9riode pr\u00e9\u00e9tablie et sont g\u00e9n\u00e9ralement utilis\u00e9s pour faciliter les services d&#8217;achat et d&#8217;inscription.<br \/>Selon sa finalit\u00e9 :<\/p><p>Cookies techniques : Ce sont ceux qui permettent \u00e0 l&#8217;utilisateur d&#8217;obtenir une navigation satisfaisante puisqu&#8217;ils permettent le bon fonctionnement du site Internet. Par exemple, ils permettent de contr\u00f4ler le trafic et la communication de donn\u00e9es, d&#8217;acc\u00e9der \u00e0 des zones d&#8217;acc\u00e8s restreint, d&#8217;effectuer le processus d&#8217;achat ou le formulaire de demande, d&#8217;utiliser des \u00e9l\u00e9ments de s\u00e9curit\u00e9, de stocker du contenu pour la diffusion de vid\u00e9os ou de partager du contenu via les r\u00e9seaux sociaux.<br \/>Cookies de personnalisation\u00a0: ce sont ceux qui permettent \u00e0 l&#8217;utilisateur d&#8217;acc\u00e9der au service avec des caract\u00e9ristiques pr\u00e9d\u00e9finies en fonction d&#8217;une s\u00e9rie de crit\u00e8res (langue, type de navigateur \u00e0 travers lequel on acc\u00e8de au service, configuration r\u00e9gionale \u00e0 partir de laquelle on acc\u00e8de au service, etc&#8230;). .<br \/>Cookies d&#8217;analyse : ce sont ceux qui permettent de quantifier le nombre d&#8217;utilisateurs et ainsi r\u00e9aliser la mesure et l&#8217;analyse statistique de l&#8217;utilisation que les utilisateurs font des services fournis.<br \/>Cookies publicitaires : Ce sont ceux qui permettent de g\u00e9rer, de la mani\u00e8re la plus efficace possible, les espaces publicitaires que nous proposons.<br \/>Cookies de publicit\u00e9 comportementale\u00a0: ce sont ceux qui stockent des informations sur le comportement des utilisateurs obtenues gr\u00e2ce \u00e0 l&#8217;observation continue de leurs habitudes de navigation, permettant le d\u00e9veloppement d&#8217;un profil sp\u00e9cifique pour afficher des publicit\u00e9s bas\u00e9es sur celui-ci.<br \/>Nous d\u00e9taillons ci-dessous les Cookies utilis\u00e9s sur notre site Internet et leur finalit\u00e9 :<\/p><p>Propres cookies<\/p><p>Les cookies utilis\u00e9s sur ce portail ainsi que leur type et leur fonction sont identifi\u00e9s ci-dessous : Le site uviord.com utilise un cookie de type technique appel\u00e9 ASP.NET_SessionId. Ce cookie permet de stocker un identifiant unique par session gr\u00e2ce auquel il est possible de relier les donn\u00e9es n\u00e9cessaires pour permettre la navigation en cours.<\/p><p>Enfin, un cookie de type technique appel\u00e9 cookies_policy, qui lui est propre, de type technique et de session, est t\u00e9l\u00e9charg\u00e9. a propos.<\/p><p>Cookies tiers<\/p><p>Nom du fournisseur : Google Analytics<br \/>Finalit\u00e9 du Cookie : Pour analyse<br \/>Description de la finalit\u00e9 des Cookies : Ce sont ceux qui permettent de quantifier le nombre d&#8217;utilisateurs et ainsi r\u00e9aliser la mesure et l&#8217;analyse statistique de l&#8217;utilisation faite par les utilisateurs des services fournis.<br \/>Plus d&#8217;informations sur\u00a0: https:\/\/www.google.es\/intl\/es\/policies\/privacy\/<br \/>Ces donn\u00e9es sont mises \u00e0 jour dans les plus brefs d\u00e9lais en cas de changement dans les services propos\u00e9s sur le site. Cependant, il peut arriver que lors de la mise \u00e0 jourion ne comporte plus de Cookies, m\u00eame s&#8217;ils feront toujours r\u00e9f\u00e9rence \u00e0 des Cookies ayant des finalit\u00e9s identiques \u00e0 ceux enregistr\u00e9s dans la liste.<\/p><p>\u00a0<\/p><p>Acceptation de l&#8217;utilisation de cookies. Obtention du consentement et comment d\u00e9sactiver ou supprimer les cookies.<\/p><p>L&#8217;Utilisateur accepte express\u00e9ment, en utilisant ce site Internet, le traitement des informations collect\u00e9es de la mani\u00e8re et pour les finalit\u00e9s mentionn\u00e9es ci-dessus. Et vous reconnaissez \u00e9galement la possibilit\u00e9 de refuser le traitement de ces donn\u00e9es ou informations en refusant l&#8217;utilisation de cookies en s\u00e9lectionnant les param\u00e8tres appropri\u00e9s \u00e0 cet effet dans votre navigateur. Cependant, cette option de blocage des cookies dans votre navigateur peut ne pas vous permettre d&#8217;utiliser pleinement toutes les fonctionnalit\u00e9s du site Web et rendre votre exp\u00e9rience sur notre site Web moins satisfaisante.<\/p><p>Vous pouvez autoriser, bloquer ou supprimer les cookies install\u00e9s sur votre ordinateur en configurant les options du navigateur install\u00e9 sur votre ordinateur :<\/p><p>Internet Explorer\u00a0: http:\/\/Windows.microsoft.com\/es-xl\/internet-explorer\/delete-manage-cookies#ie=ie-10<br \/>Firefox\u00a0: http:\/\/support.mozilla.org\/es\/kb\/Delete%20cookies<br \/>Chrome\u00a0: http:\/\/support.google.com\/chrome\/answer\/95647?hl=es<br \/>Op\u00e9ra\u00a0: http:\/\/help.opera.com\/Windows\/12.00\/es-ES\/cookies.html<\/p><p><!-- \/wp:paragraph --><\/p>\t\t\t\t\t\t\t\t<\/div>\n\t\t\t\t<\/div>\n\t\t\t\t\t<\/div>\n\t\t<\/div>\n\t\t\t\t\t<\/div>\n\t\t<\/section>\n\t\t\t\t<\/div>\n\t\t","protected":false},"excerpt":{"rendered":"<p>Politique de cookies Introduction. D\u00e9finition et fonction des cookies Un cookie est un fichier t\u00e9l\u00e9charg\u00e9 sur votre ordinateur lorsque vous acc\u00e9dez \u00e0 certaines pages Web. Les cookies permettent, entre autres, \u00e0 un site Web de stocker et de r\u00e9cup\u00e9rer des informations sur les habitudes de navigation d&#8217;un utilisateur ou de son \u00e9quipement et, en fonction [&hellip;]<\/p>\n","protected":false},"author":1,"featured_media":0,"parent":0,"menu_order":0,"comment_status":"closed","ping_status":"closed","template":"elementor_header_footer","meta":{"_monsterinsights_skip_tracking":false,"_monsterinsights_sitenote_active":false,"_monsterinsights_sitenote_note":"","_monsterinsights_sitenote_category":0,"footnotes":""},"yoast_head":"<!-- This site is optimized with the Yoast SEO plugin v24.5 - https:\/\/yoast.com\/wordpress\/plugins\/seo\/ -->\n<title>Politica cookies frances - Uvio<\/title>\n<meta name=\"robots\" content=\"index, follow, max-snippet:-1, max-image-preview:large, max-video-preview:-1\" \/>\n<link rel=\"canonical\" href=\"https:\/\/uviord.com\/index.php\/fr\/politica-cookies-frances\/\" \/>\n<meta property=\"og:locale\" content=\"es_ES\" \/>\n<meta property=\"og:type\" content=\"article\" \/>\n<meta property=\"og:title\" content=\"Politica cookies frances - Uvio\" \/>\n<meta property=\"og:description\" content=\"Politique de cookies Introduction. D\u00e9finition et fonction des cookies Un cookie est un fichier t\u00e9l\u00e9charg\u00e9 sur votre ordinateur lorsque vous acc\u00e9dez \u00e0 certaines pages Web. Les cookies permettent, entre autres, \u00e0 un site Web de stocker et de r\u00e9cup\u00e9rer des informations sur les habitudes de navigation d&#8217;un utilisateur ou de son \u00e9quipement et, en fonction [&hellip;]\" \/>\n<meta property=\"og:url\" content=\"https:\/\/uviord.com\/index.php\/fr\/politica-cookies-frances\/\" \/>\n<meta property=\"og:site_name\" content=\"Uvio\" \/>\n<meta property=\"article:modified_time\" content=\"2023-10-04T13:54:35+00:00\" \/>\n<meta name=\"twitter:card\" content=\"summary_large_image\" \/>\n<meta name=\"twitter:label1\" content=\"Tiempo de lectura\" \/>\n\t<meta name=\"twitter:data1\" content=\"5 minutos\" \/>\n<script type=\"application\/ld+json\" class=\"yoast-schema-graph\">{\"@context\":\"https:\/\/schema.org\",\"@graph\":[{\"@type\":\"WebPage\",\"@id\":\"https:\/\/uviord.com\/index.php\/fr\/politica-cookies-frances\/\",\"url\":\"https:\/\/uviord.com\/index.php\/fr\/politica-cookies-frances\/\",\"name\":\"Politica cookies frances - Uvio\",\"isPartOf\":{\"@id\":\"https:\/\/uviord.com\/#website\"},\"datePublished\":\"2023-10-04T13:49:48+00:00\",\"dateModified\":\"2023-10-04T13:54:35+00:00\",\"breadcrumb\":{\"@id\":\"https:\/\/uviord.com\/index.php\/fr\/politica-cookies-frances\/#breadcrumb\"},\"inLanguage\":\"es\",\"potentialAction\":[{\"@type\":\"ReadAction\",\"target\":[\"https:\/\/uviord.com\/index.php\/fr\/politica-cookies-frances\/\"]}]},{\"@type\":\"BreadcrumbList\",\"@id\":\"https:\/\/uviord.com\/index.php\/fr\/politica-cookies-frances\/#breadcrumb\",\"itemListElement\":[{\"@type\":\"ListItem\",\"position\":1,\"name\":\"Portada\",\"item\":\"https:\/\/uviord.com\/\"},{\"@type\":\"ListItem\",\"position\":2,\"name\":\"Politica cookies frances\"}]},{\"@type\":\"WebSite\",\"@id\":\"https:\/\/uviord.com\/#website\",\"url\":\"https:\/\/uviord.com\/\",\"name\":\"Uvio\",\"description\":\"\",\"publisher\":{\"@id\":\"https:\/\/uviord.com\/#organization\"},\"potentialAction\":[{\"@type\":\"SearchAction\",\"target\":{\"@type\":\"EntryPoint\",\"urlTemplate\":\"https:\/\/uviord.com\/?s={search_term_string}\"},\"query-input\":{\"@type\":\"PropertyValueSpecification\",\"valueRequired\":true,\"valueName\":\"search_term_string\"}}],\"inLanguage\":\"es\"},{\"@type\":\"Organization\",\"@id\":\"https:\/\/uviord.com\/#organization\",\"name\":\"Uvio\",\"url\":\"https:\/\/uviord.com\/\",\"logo\":{\"@type\":\"ImageObject\",\"inLanguage\":\"es\",\"@id\":\"https:\/\/uviord.com\/#\/schema\/logo\/image\/\",\"url\":\"https:\/\/uviord.com\/wp-content\/uploads\/2020\/06\/cropped-logo-uvio.png\",\"contentUrl\":\"https:\/\/uviord.com\/wp-content\/uploads\/2020\/06\/cropped-logo-uvio.png\",\"width\":658,\"height\":273,\"caption\":\"Uvio\"},\"image\":{\"@id\":\"https:\/\/uviord.com\/#\/schema\/logo\/image\/\"}}]}<\/script>\n<!-- \/ Yoast SEO plugin. -->","yoast_head_json":{"title":"Politica cookies frances - Uvio","robots":{"index":"index","follow":"follow","max-snippet":"max-snippet:-1","max-image-preview":"max-image-preview:large","max-video-preview":"max-video-preview:-1"},"canonical":"https:\/\/uviord.com\/index.php\/fr\/politica-cookies-frances\/","og_locale":"es_ES","og_type":"article","og_title":"Politica cookies frances - Uvio","og_description":"Politique de cookies Introduction. D\u00e9finition et fonction des cookies Un cookie est un fichier t\u00e9l\u00e9charg\u00e9 sur votre ordinateur lorsque vous acc\u00e9dez \u00e0 certaines pages Web. Les cookies permettent, entre autres, \u00e0 un site Web de stocker et de r\u00e9cup\u00e9rer des informations sur les habitudes de navigation d&#8217;un utilisateur ou de son \u00e9quipement et, en fonction [&hellip;]","og_url":"https:\/\/uviord.com\/index.php\/fr\/politica-cookies-frances\/","og_site_name":"Uvio","article_modified_time":"2023-10-04T13:54:35+00:00","twitter_card":"summary_large_image","twitter_misc":{"Tiempo de lectura":"5 minutos"},"schema":{"@context":"https:\/\/schema.org","@graph":[{"@type":"WebPage","@id":"https:\/\/uviord.com\/index.php\/fr\/politica-cookies-frances\/","url":"https:\/\/uviord.com\/index.php\/fr\/politica-cookies-frances\/","name":"Politica cookies frances - Uvio","isPartOf":{"@id":"https:\/\/uviord.com\/#website"},"datePublished":"2023-10-04T13:49:48+00:00","dateModified":"2023-10-04T13:54:35+00:00","breadcrumb":{"@id":"https:\/\/uviord.com\/index.php\/fr\/politica-cookies-frances\/#breadcrumb"},"inLanguage":"es","potentialAction":[{"@type":"ReadAction","target":["https:\/\/uviord.com\/index.php\/fr\/politica-cookies-frances\/"]}]},{"@type":"BreadcrumbList","@id":"https:\/\/uviord.com\/index.php\/fr\/politica-cookies-frances\/#breadcrumb","itemListElement":[{"@type":"ListItem","position":1,"name":"Portada","item":"https:\/\/uviord.com\/"},{"@type":"ListItem","position":2,"name":"Politica cookies frances"}]},{"@type":"WebSite","@id":"https:\/\/uviord.com\/#website","url":"https:\/\/uviord.com\/","name":"Uvio","description":"","publisher":{"@id":"https:\/\/uviord.com\/#organization"},"potentialAction":[{"@type":"SearchAction","target":{"@type":"EntryPoint","urlTemplate":"https:\/\/uviord.com\/?s={search_term_string}"},"query-input":{"@type":"PropertyValueSpecification","valueRequired":true,"valueName":"search_term_string"}}],"inLanguage":"es"},{"@type":"Organization","@id":"https:\/\/uviord.com\/#organization","name":"Uvio","url":"https:\/\/uviord.com\/","logo":{"@type":"ImageObject","inLanguage":"es","@id":"https:\/\/uviord.com\/#\/schema\/logo\/image\/","url":"https:\/\/uviord.com\/wp-content\/uploads\/2020\/06\/cropped-logo-uvio.png","contentUrl":"https:\/\/uviord.com\/wp-content\/uploads\/2020\/06\/cropped-logo-uvio.png","width":658,"height":273,"caption":"Uvio"},"image":{"@id":"https:\/\/uviord.com\/#\/schema\/logo\/image\/"}}]}},"_links":{"self":[{"href":"https:\/\/uviord.com\/index.php\/wp-json\/wp\/v2\/pages\/825"}],"collection":[{"href":"https:\/\/uviord.com\/index.php\/wp-json\/wp\/v2\/pages"}],"about":[{"href":"https:\/\/uviord.com\/index.php\/wp-json\/wp\/v2\/types\/page"}],"author":[{"embeddable":true,"href":"https:\/\/uviord.com\/index.php\/wp-json\/wp\/v2\/users\/1"}],"replies":[{"embeddable":true,"href":"https:\/\/uviord.com\/index.php\/wp-json\/wp\/v2\/comments?post=825"}],"version-history":[{"count":7,"href":"https:\/\/uviord.com\/index.php\/wp-json\/wp\/v2\/pages\/825\/revisions"}],"predecessor-version":[{"id":832,"href":"https:\/\/uviord.com\/index.php\/wp-json\/wp\/v2\/pages\/825\/revisions\/832"}],"wp:attachment":[{"href":"https:\/\/uviord.com\/index.php\/wp-json\/wp\/v2\/media?parent=825"}],"curies":[{"name":"wp","href":"https:\/\/api.w.org\/{rel}","templated":true}]}}