{"id":6,"date":"2020-06-25T13:40:11","date_gmt":"2020-06-25T11:40:11","guid":{"rendered":"https:\/\/uviord.com\/index.php\/politica-de-cookies\/"},"modified":"2023-06-14T17:41:25","modified_gmt":"2023-06-14T15:41:25","slug":"politica-de-cookies","status":"publish","type":"page","link":"https:\/\/uviord.com\/index.php\/politica-de-cookies\/","title":{"rendered":"Pol\u00edtica de cookies"},"content":{"rendered":"\t\t<div data-elementor-type=\"wp-page\" data-elementor-id=\"6\" class=\"elementor elementor-6\">\n\t\t\t\t\t\t<section class=\"elementor-section elementor-top-section elementor-element elementor-element-1854b8e elementor-section-boxed elementor-section-height-default elementor-section-height-default\" data-id=\"1854b8e\" data-element_type=\"section\">\n\t\t\t\t\t\t<div class=\"elementor-container elementor-column-gap-default\">\n\t\t\t\t\t<div class=\"elementor-column elementor-col-100 elementor-top-column elementor-element elementor-element-3dc7a90\" data-id=\"3dc7a90\" data-element_type=\"column\">\n\t\t\t<div class=\"elementor-widget-wrap elementor-element-populated\">\n\t\t\t\t\t\t<div class=\"elementor-element elementor-element-ca16595 elementor-widget elementor-widget-heading\" data-id=\"ca16595\" data-element_type=\"widget\" data-widget_type=\"heading.default\">\n\t\t\t\t<div class=\"elementor-widget-container\">\n\t\t\t\t\t<h2 class=\"elementor-heading-title elementor-size-xl\">Pol\u00edtica de Cookies<\/h2>\t\t\t\t<\/div>\n\t\t\t\t<\/div>\n\t\t\t\t\t<\/div>\n\t\t<\/div>\n\t\t\t\t\t<\/div>\n\t\t<\/section>\n\t\t\t\t<section class=\"elementor-section elementor-top-section elementor-element elementor-element-509e4dcd elementor-section-boxed elementor-section-height-default elementor-section-height-default\" data-id=\"509e4dcd\" data-element_type=\"section\">\n\t\t\t\t\t\t<div class=\"elementor-container elementor-column-gap-default\">\n\t\t\t\t\t<div class=\"elementor-column elementor-col-100 elementor-top-column elementor-element elementor-element-15d283a6\" data-id=\"15d283a6\" data-element_type=\"column\">\n\t\t\t<div class=\"elementor-widget-wrap elementor-element-populated\">\n\t\t\t\t\t\t<div class=\"elementor-element elementor-element-7e5b8467 elementor-widget elementor-widget-text-editor\" data-id=\"7e5b8467\" data-element_type=\"widget\" data-widget_type=\"text-editor.default\">\n\t\t\t\t<div class=\"elementor-widget-container\">\n\t\t\t\t\t\t\t\t\t<p>\u00a0<\/p><h4 style=\"text-align: left;\">Introducci\u00f3n. Definici\u00f3n y funci\u00f3n de las cookies<\/h4><p style=\"text-align: left;\">Cookie es un fichero que se descarga en su ordenador al acceder a determinadas p\u00e1ginas web. Las Cookies permiten a una p\u00e1gina web, entre otras cosas, almacenar y recuperar informaci\u00f3n sobre los h\u00e1bitos de navegaci\u00f3n de un usuario o de su equipo y, dependiendo de la informaci\u00f3n que contengan y de la forma en que utilice su equipo, pueden utilizarse para reconocer al Usuario. El navegador del Usuario memoriza Cookies en el disco duro solamente durante la sesi\u00f3n actual ocupando un espacio de memoria m\u00ednimo y no perjudicando al ordenador. Las Cookies no contienen ninguna clase de informaci\u00f3n personal espec\u00edfica, y la mayor\u00eda de las mismas se borran del disco duro al finalizar la sesi\u00f3n de navegador (las denominadas Cookies de sesi\u00f3n).<\/p><p style=\"text-align: left;\">La mayor\u00eda de los navegadores aceptan como est\u00e1ndar a las Cookies y, con independencia de las mismas, permiten o impiden en los ajustes de seguridad las Cookies temporales o memorizadas.<\/p><p style=\"text-align: left;\">Sin tu expreso consentimiento \u2013mediante la activaci\u00f3n de las Cookies en su navegador\u2013 GIS no enlazar\u00e1 en las cookies los datos memorizados con tus datos personales proporcionados en el momento de tu solicitud o compra.<\/p><h4 style=\"text-align: left;\">\u00bfQu\u00e9 tipo de Cookies utiliza esta p\u00e1gina web?<\/h4><p style=\"text-align: left;\">Seg\u00fan la entidad que las gestiona:<\/p><ul class=\"leftmargin-lg\" style=\"text-align: left;\"><li><strong>Cookies propias:<\/strong> Son aqu\u00e9llas que se env\u00edan desde nuestros propios equipos o dominio.<\/li><li><strong>Cookies de terceros:<\/strong> son aqu\u00e9llas que se env\u00edan desde un equipo o dominio que no es gestionado por nosotros, sino por una tercera entidad.<\/li><\/ul><p style=\"text-align: left;\">Seg\u00fan el plazo de tiempo que permanecen activadas:<\/p><ul class=\"leftmargin-lg\" style=\"text-align: left;\"><li><strong>Cookies de sesi\u00f3n:<\/strong> Son cookies temporales que permanecen en tu navegador hasta que abandonas la p\u00e1gina web, no quedando registradas en el disco duro de tu ordenador o dispositivo equivalente. Con ella, se analiza las pautas de tr\u00e1fico en la web, lo que nos permite mejorar progresivamente los contenidos y usos de la web.<\/li><li><strong>Cookies persistentes:<\/strong> son las que se almacenan en el disco duro durante un tiempo determinado y son le\u00eddas por nuestra web cada vez que se realiza una nueva visita. Estas cookies expiran una vez transcurrido el plazo preestablecido y se utilizan, habitualmente, para facilitar los servicios de compra y registro.<\/li><\/ul><p style=\"text-align: left;\">Seg\u00fan su finalidad:<\/p><ul class=\"leftmargin-lg\" style=\"text-align: left;\"><li><strong>Cookies t\u00e9cnicas:<\/strong> Son aqu\u00e9llas que permiten al usuario obtener una navegaci\u00f3n satisfactoria ya que posibilitan un buen funcionamiento de la web. Por ejemplo, permiten controlar el tr\u00e1fico y la comunicaci\u00f3n de datos, acceder a \u00e1reas de acceso restringido, realizar el proceso de compra o formulario de solicitud, utilizar elementos de seguridad, almacenar contenidos para la difusi\u00f3n de videos o compartir contenidos a trav\u00e9s de redes sociales.<\/li><li><strong>Cookies de personalizaci\u00f3n:<\/strong> Son aqu\u00e9llas que permiten al usuario acceder al servicio con unas caracter\u00edsticas predefinidas en funci\u00f3n de una serie de criterios (idioma, tipo de navegador a trav\u00e9s del cual se accede al servicio, configuraci\u00f3n regional desde donde se accede al servicio, etc\u2026).<\/li><li><strong>Cookies de an\u00e1lisis:<\/strong> Son aqu\u00e9llas que permiten cuantificar el n\u00famero de usuarios y as\u00ed realizar la medici\u00f3n y an\u00e1lisis estad\u00edstico de la utilizaci\u00f3n que hacen los usuarios de los servicios prestados.<\/li><li><strong>Cookies publicitarias:<\/strong> Son aqu\u00e9llas que permiten la gesti\u00f3n, de la forma m\u00e1s eficaz posible, de los espacios publicitarios que ofrecemos.<\/li><li><strong>Cookies de publicidad comportamental:<\/strong> Son aqu\u00e9llas que almacenan informaci\u00f3n del comportamiento de los usuarios obtenida a trav\u00e9s de la observaci\u00f3n continuada de sus h\u00e1bitos de navegaci\u00f3n, permitiendo desarrollar un perfil espec\u00edfico para mostrar publicidad en funci\u00f3n del mismo.<\/li><\/ul><h4 style=\"text-align: left;\">A continuaci\u00f3n detallamos las Cookies utilizadas en nuestra web y la finalidad de las mismas:<\/h4><p style=\"text-align: left;\"><strong>Cookies propias<\/strong><\/p><p style=\"text-align: left;\">A continuaci\u00f3n se identifican las cookies que est\u00e1n siendo utilizadas en este portal as\u00ed como su tipolog\u00eda y funci\u00f3n: La p\u00e1gina web uviord.com utiliza una cookie de tipo t\u00e9cnico denominada ASP.NET_SessionId. Esta cookie permite almacenar un identificador \u00fanico por sesi\u00f3n a trav\u00e9s del que es posible vincular datos necesarios para posibilitar la navegaci\u00f3n en curso.<\/p><p style=\"text-align: left;\">Por \u00faltimo, se descarga una cookie de tipo t\u00e9cnico denominada cookies_policy, propia, de tipo t\u00e9cnico y de sesi\u00f3n. Gestiona el consentimiento del usuario para el uso de las cookies en la p\u00e1gina web, con el objeto de recordar aquellos usuarios que las han aceptado y aquellos que no, de modo que a los primeros no se les muestre informaci\u00f3n en la parte superior de la p\u00e1gina al respecto.<\/p><p style=\"text-align: left;\"><strong>Cookies de terceros<\/strong><\/p><ul class=\"leftmargin-lg\" style=\"text-align: left;\"><li><strong>Nombre del proveedor:<\/strong> Google Analytics<\/li><li><strong>Finalidad de la Cookie:<\/strong> De an\u00e1lisis<\/li><li><strong>Descripci\u00f3n de la finalidad de la Cookie:<\/strong> Son aqu\u00e9llas que permiten cuantificar el n\u00famero de usuarios y as\u00ed realizar la medici\u00f3n y an\u00e1lisis estad\u00edstico de la utilizaci\u00f3n que hacen los usuarios de los servicios prestados.<\/li><li><strong>M\u00e1s informaci\u00f3n en:<\/strong> <a href=\"https:\/\/www.google.es\/intl\/es\/policies\/privacy\/\" target=\"_blank\" rel=\"noopener\">https:\/\/www.google.es\/intl\/es\/policies\/privacy\/<\/a><\/li><\/ul><p style=\"text-align: left;\">Estos datos se actualizan a la mayor brevedad cuando se produce alg\u00fan tipo de cambio en los servicios ofrecidos en la web. No obstante, puede ocurrir que durante la actualizaci\u00f3n no incluya ya alguna Cookie, aunque siempre estar\u00e1n referidas a Cookies con id\u00e9nticos prop\u00f3sitos a los registrados en la lista.<\/p><h1 style=\"text-align: left;\">\u00a0<\/h1><h4 style=\"text-align: left;\">Aceptaci\u00f3n del uso de cookies. Obtenci\u00f3n del consentimiento y forma de desactivar o eliminar las cookies.<\/h4><p style=\"text-align: left;\">El Usuario acepta expresamente, por la utilizaci\u00f3n de esta web, el tratamiento de la informaci\u00f3n recabada en la forma y con los fines anteriormente mencionados. Y asimismo reconoce la posibilidad de rechazar el tratamiento de tales datos o informaci\u00f3n rechazando el uso de Cookies mediante la selecci\u00f3n de la configuraci\u00f3n apropiada a tal fin en su navegador. Si bien esta opci\u00f3n de bloqueo de Cookies en su navegador puede no permitirle el uso pleno de todas las funcionalidades de la Web y que la experiencia en nuestra web sea menos satisfactoria.<\/p><p style=\"text-align: left;\">Puede usted permitir, bloquear o eliminar las cookies instaladas en su equipo mediante la configuraci\u00f3n de las opciones del navegador instalado en su ordenador:<\/p><ul class=\"leftmargin-lg\" style=\"text-align: left;\"><li><strong>Internet Explorer: <\/strong><a href=\"http:\/\/windows.microsoft.com\/es-xl\/internet-explorer\/delete-manage-cookies#ie=ie-10\" target=\"_blank\" rel=\"noopener\">http:\/\/Windows.microsoft.com\/es-xl\/internet-explorer\/delete-manage-cookies#ie=ie-10<\/a><\/li><li><strong>Firefox: <\/strong><a href=\"http:\/\/support.mozilla.org\/es\/kb\/Borrar%20cookies\" target=\"_blank\" rel=\"noopener\">http:\/\/support.mozilla.org\/es\/kb\/Borrar%20cookies<\/a><\/li><li><strong>Chrome: <\/strong><a href=\"http:\/\/support.google.com\/chrome\/answer\/95647?hl=es\" target=\"_blank\" rel=\"noopener\">http:\/\/support.google.com\/chrome\/answer\/95647?hl=es<\/a><\/li><li style=\"text-align: left;\"><strong>Opera: <\/strong><a href=\"http:\/\/help.opera.com\/Windows\/12.00\/es-ES\/cookies.html\" target=\"_blank\" rel=\"noopener\">http:\/\/help.opera.com\/Windows\/12.00\/es-ES\/cookies.html<\/a><\/li><\/ul><p><!-- \/wp:paragraph --><\/p>\t\t\t\t\t\t\t\t<\/div>\n\t\t\t\t<\/div>\n\t\t\t\t\t<\/div>\n\t\t<\/div>\n\t\t\t\t\t<\/div>\n\t\t<\/section>\n\t\t\t\t<\/div>\n\t\t","protected":false},"excerpt":{"rendered":"<p>Pol\u00edtica de Cookies \u00a0 Introducci\u00f3n. Definici\u00f3n y funci\u00f3n de las cookies Cookie es un fichero que se descarga en su ordenador al acceder a determinadas p\u00e1ginas web. Las Cookies permiten a una p\u00e1gina web, entre otras cosas, almacenar y recuperar informaci\u00f3n sobre los h\u00e1bitos de navegaci\u00f3n de un usuario o de su equipo y, dependiendo [&hellip;]<\/p>\n","protected":false},"author":1,"featured_media":0,"parent":0,"menu_order":0,"comment_status":"closed","ping_status":"closed","template":"elementor_header_footer","meta":{"_monsterinsights_skip_tracking":false,"_monsterinsights_sitenote_active":false,"_monsterinsights_sitenote_note":"","_monsterinsights_sitenote_category":0,"footnotes":""},"yoast_head":"<!-- This site is optimized with the Yoast SEO plugin v24.5 - https:\/\/yoast.com\/wordpress\/plugins\/seo\/ -->\n<title>Pol\u00edtica de cookies - Uvio<\/title>\n<meta name=\"robots\" content=\"index, follow, max-snippet:-1, max-image-preview:large, max-video-preview:-1\" \/>\n<link rel=\"canonical\" href=\"https:\/\/uviord.com\/index.php\/politica-de-cookies\/\" \/>\n<meta property=\"og:locale\" content=\"es_ES\" \/>\n<meta property=\"og:type\" content=\"article\" \/>\n<meta property=\"og:title\" content=\"Pol\u00edtica de cookies - Uvio\" \/>\n<meta property=\"og:description\" content=\"Pol\u00edtica de Cookies \u00a0 Introducci\u00f3n. Definici\u00f3n y funci\u00f3n de las cookies Cookie es un fichero que se descarga en su ordenador al acceder a determinadas p\u00e1ginas web. Las Cookies permiten a una p\u00e1gina web, entre otras cosas, almacenar y recuperar informaci\u00f3n sobre los h\u00e1bitos de navegaci\u00f3n de un usuario o de su equipo y, dependiendo [&hellip;]\" \/>\n<meta property=\"og:url\" content=\"https:\/\/uviord.com\/index.php\/politica-de-cookies\/\" \/>\n<meta property=\"og:site_name\" content=\"Uvio\" \/>\n<meta property=\"article:modified_time\" content=\"2023-06-14T15:41:25+00:00\" \/>\n<meta name=\"twitter:card\" content=\"summary_large_image\" \/>\n<meta name=\"twitter:label1\" content=\"Tiempo de lectura\" \/>\n\t<meta name=\"twitter:data1\" content=\"5 minutos\" \/>\n<script type=\"application\/ld+json\" class=\"yoast-schema-graph\">{\"@context\":\"https:\/\/schema.org\",\"@graph\":[{\"@type\":\"WebPage\",\"@id\":\"https:\/\/uviord.com\/index.php\/politica-de-cookies\/\",\"url\":\"https:\/\/uviord.com\/index.php\/politica-de-cookies\/\",\"name\":\"Pol\u00edtica de cookies - Uvio\",\"isPartOf\":{\"@id\":\"https:\/\/uviord.com\/#website\"},\"datePublished\":\"2020-06-25T11:40:11+00:00\",\"dateModified\":\"2023-06-14T15:41:25+00:00\",\"breadcrumb\":{\"@id\":\"https:\/\/uviord.com\/index.php\/politica-de-cookies\/#breadcrumb\"},\"inLanguage\":\"es\",\"potentialAction\":[{\"@type\":\"ReadAction\",\"target\":[\"https:\/\/uviord.com\/index.php\/politica-de-cookies\/\"]}]},{\"@type\":\"BreadcrumbList\",\"@id\":\"https:\/\/uviord.com\/index.php\/politica-de-cookies\/#breadcrumb\",\"itemListElement\":[{\"@type\":\"ListItem\",\"position\":1,\"name\":\"Portada\",\"item\":\"https:\/\/uviord.com\/\"},{\"@type\":\"ListItem\",\"position\":2,\"name\":\"Pol\u00edtica de cookies\"}]},{\"@type\":\"WebSite\",\"@id\":\"https:\/\/uviord.com\/#website\",\"url\":\"https:\/\/uviord.com\/\",\"name\":\"Uvio\",\"description\":\"\",\"publisher\":{\"@id\":\"https:\/\/uviord.com\/#organization\"},\"potentialAction\":[{\"@type\":\"SearchAction\",\"target\":{\"@type\":\"EntryPoint\",\"urlTemplate\":\"https:\/\/uviord.com\/?s={search_term_string}\"},\"query-input\":{\"@type\":\"PropertyValueSpecification\",\"valueRequired\":true,\"valueName\":\"search_term_string\"}}],\"inLanguage\":\"es\"},{\"@type\":\"Organization\",\"@id\":\"https:\/\/uviord.com\/#organization\",\"name\":\"Uvio\",\"url\":\"https:\/\/uviord.com\/\",\"logo\":{\"@type\":\"ImageObject\",\"inLanguage\":\"es\",\"@id\":\"https:\/\/uviord.com\/#\/schema\/logo\/image\/\",\"url\":\"https:\/\/uviord.com\/wp-content\/uploads\/2020\/06\/cropped-logo-uvio.png\",\"contentUrl\":\"https:\/\/uviord.com\/wp-content\/uploads\/2020\/06\/cropped-logo-uvio.png\",\"width\":658,\"height\":273,\"caption\":\"Uvio\"},\"image\":{\"@id\":\"https:\/\/uviord.com\/#\/schema\/logo\/image\/\"}}]}<\/script>\n<!-- \/ Yoast SEO plugin. -->","yoast_head_json":{"title":"Pol\u00edtica de cookies - Uvio","robots":{"index":"index","follow":"follow","max-snippet":"max-snippet:-1","max-image-preview":"max-image-preview:large","max-video-preview":"max-video-preview:-1"},"canonical":"https:\/\/uviord.com\/index.php\/politica-de-cookies\/","og_locale":"es_ES","og_type":"article","og_title":"Pol\u00edtica de cookies - Uvio","og_description":"Pol\u00edtica de Cookies \u00a0 Introducci\u00f3n. Definici\u00f3n y funci\u00f3n de las cookies Cookie es un fichero que se descarga en su ordenador al acceder a determinadas p\u00e1ginas web. Las Cookies permiten a una p\u00e1gina web, entre otras cosas, almacenar y recuperar informaci\u00f3n sobre los h\u00e1bitos de navegaci\u00f3n de un usuario o de su equipo y, dependiendo [&hellip;]","og_url":"https:\/\/uviord.com\/index.php\/politica-de-cookies\/","og_site_name":"Uvio","article_modified_time":"2023-06-14T15:41:25+00:00","twitter_card":"summary_large_image","twitter_misc":{"Tiempo de lectura":"5 minutos"},"schema":{"@context":"https:\/\/schema.org","@graph":[{"@type":"WebPage","@id":"https:\/\/uviord.com\/index.php\/politica-de-cookies\/","url":"https:\/\/uviord.com\/index.php\/politica-de-cookies\/","name":"Pol\u00edtica de cookies - Uvio","isPartOf":{"@id":"https:\/\/uviord.com\/#website"},"datePublished":"2020-06-25T11:40:11+00:00","dateModified":"2023-06-14T15:41:25+00:00","breadcrumb":{"@id":"https:\/\/uviord.com\/index.php\/politica-de-cookies\/#breadcrumb"},"inLanguage":"es","potentialAction":[{"@type":"ReadAction","target":["https:\/\/uviord.com\/index.php\/politica-de-cookies\/"]}]},{"@type":"BreadcrumbList","@id":"https:\/\/uviord.com\/index.php\/politica-de-cookies\/#breadcrumb","itemListElement":[{"@type":"ListItem","position":1,"name":"Portada","item":"https:\/\/uviord.com\/"},{"@type":"ListItem","position":2,"name":"Pol\u00edtica de cookies"}]},{"@type":"WebSite","@id":"https:\/\/uviord.com\/#website","url":"https:\/\/uviord.com\/","name":"Uvio","description":"","publisher":{"@id":"https:\/\/uviord.com\/#organization"},"potentialAction":[{"@type":"SearchAction","target":{"@type":"EntryPoint","urlTemplate":"https:\/\/uviord.com\/?s={search_term_string}"},"query-input":{"@type":"PropertyValueSpecification","valueRequired":true,"valueName":"search_term_string"}}],"inLanguage":"es"},{"@type":"Organization","@id":"https:\/\/uviord.com\/#organization","name":"Uvio","url":"https:\/\/uviord.com\/","logo":{"@type":"ImageObject","inLanguage":"es","@id":"https:\/\/uviord.com\/#\/schema\/logo\/image\/","url":"https:\/\/uviord.com\/wp-content\/uploads\/2020\/06\/cropped-logo-uvio.png","contentUrl":"https:\/\/uviord.com\/wp-content\/uploads\/2020\/06\/cropped-logo-uvio.png","width":658,"height":273,"caption":"Uvio"},"image":{"@id":"https:\/\/uviord.com\/#\/schema\/logo\/image\/"}}]}},"_links":{"self":[{"href":"https:\/\/uviord.com\/index.php\/wp-json\/wp\/v2\/pages\/6"}],"collection":[{"href":"https:\/\/uviord.com\/index.php\/wp-json\/wp\/v2\/pages"}],"about":[{"href":"https:\/\/uviord.com\/index.php\/wp-json\/wp\/v2\/types\/page"}],"author":[{"embeddable":true,"href":"https:\/\/uviord.com\/index.php\/wp-json\/wp\/v2\/users\/1"}],"replies":[{"embeddable":true,"href":"https:\/\/uviord.com\/index.php\/wp-json\/wp\/v2\/comments?post=6"}],"version-history":[{"count":25,"href":"https:\/\/uviord.com\/index.php\/wp-json\/wp\/v2\/pages\/6\/revisions"}],"predecessor-version":[{"id":766,"href":"https:\/\/uviord.com\/index.php\/wp-json\/wp\/v2\/pages\/6\/revisions\/766"}],"wp:attachment":[{"href":"https:\/\/uviord.com\/index.php\/wp-json\/wp\/v2\/media?parent=6"}],"curies":[{"name":"wp","href":"https:\/\/api.w.org\/{rel}","templated":true}]}}