{"id":504,"date":"2021-03-16T09:13:15","date_gmt":"2021-03-16T08:13:15","guid":{"rendered":"https:\/\/uviord.com\/?page_id=504"},"modified":"2023-10-16T15:34:52","modified_gmt":"2023-10-16T13:34:52","slug":"contactar-portugues","status":"publish","type":"page","link":"https:\/\/uviord.com\/index.php\/pt\/contactar-portugues\/","title":{"rendered":"Contactar portugu\u00e9s"},"content":{"rendered":"\t\t<div data-elementor-type=\"wp-page\" data-elementor-id=\"504\" class=\"elementor elementor-504\">\n\t\t\t\t\t\t<section class=\"elementor-section elementor-top-section elementor-element elementor-element-f08832e elementor-section-boxed elementor-section-height-default elementor-section-height-default\" data-id=\"f08832e\" data-element_type=\"section\">\n\t\t\t\t\t\t<div class=\"elementor-container elementor-column-gap-default\">\n\t\t\t\t\t<div class=\"elementor-column elementor-col-100 elementor-top-column elementor-element elementor-element-7b98502\" data-id=\"7b98502\" data-element_type=\"column\">\n\t\t\t<div class=\"elementor-widget-wrap elementor-element-populated\">\n\t\t\t\t\t\t<div class=\"elementor-element elementor-element-0a13761 elementor-widget elementor-widget-heading\" data-id=\"0a13761\" data-element_type=\"widget\" data-widget_type=\"heading.default\">\n\t\t\t\t<div class=\"elementor-widget-container\">\n\t\t\t\t\t<h2 class=\"elementor-heading-title elementor-size-xxl\">Contato<\/h2>\t\t\t\t<\/div>\n\t\t\t\t<\/div>\n\t\t\t\t\t<\/div>\n\t\t<\/div>\n\t\t\t\t\t<\/div>\n\t\t<\/section>\n\t\t\t\t<section class=\"elementor-section elementor-top-section elementor-element elementor-element-6c93e4e elementor-section-boxed elementor-section-height-default elementor-section-height-default\" data-id=\"6c93e4e\" data-element_type=\"section\">\n\t\t\t\t\t\t<div class=\"elementor-container elementor-column-gap-default\">\n\t\t\t\t\t<div class=\"elementor-column elementor-col-50 elementor-top-column elementor-element elementor-element-57f2759\" data-id=\"57f2759\" data-element_type=\"column\">\n\t\t\t<div class=\"elementor-widget-wrap\">\n\t\t\t\t\t\t\t<\/div>\n\t\t<\/div>\n\t\t\t\t<div class=\"elementor-column elementor-col-50 elementor-top-column elementor-element elementor-element-117c871\" data-id=\"117c871\" data-element_type=\"column\">\n\t\t\t<div class=\"elementor-widget-wrap elementor-element-populated\">\n\t\t\t\t\t\t<div class=\"elementor-element elementor-element-90bbcfc elementor-widget elementor-widget-text-editor\" data-id=\"90bbcfc\" data-element_type=\"widget\" data-widget_type=\"text-editor.default\">\n\t\t\t\t<div class=\"elementor-widget-container\">\n\t\t\t\t\t\t\t\t\t<p><strong>Contacte-nos, queremos ouvir a sua opini\u00e3o<\/strong><\/p><p><strong>Tem alguma quest\u00e3o? Preencha este formul\u00e1rio e entraremos em contacto consigo nas pr\u00f3ximas horas.<\/strong><\/p>\t\t\t\t\t\t\t\t<\/div>\n\t\t\t\t<\/div>\n\t\t\t\t\t<\/div>\n\t\t<\/div>\n\t\t\t\t\t<\/div>\n\t\t<\/section>\n\t\t\t\t<\/div>\n\t\t","protected":false},"excerpt":{"rendered":"<p>Contato Contacte-nos, queremos ouvir a sua opini\u00e3o Tem alguma quest\u00e3o? Preencha este formul\u00e1rio e entraremos em contacto consigo nas pr\u00f3ximas horas.<\/p>\n","protected":false},"author":1,"featured_media":0,"parent":0,"menu_order":0,"comment_status":"closed","ping_status":"closed","template":"elementor_header_footer","meta":{"_monsterinsights_skip_tracking":false,"_monsterinsights_sitenote_active":false,"_monsterinsights_sitenote_note":"","_monsterinsights_sitenote_category":0,"footnotes":""},"yoast_head":"<!-- This site is optimized with the Yoast SEO plugin v24.5 - https:\/\/yoast.com\/wordpress\/plugins\/seo\/ -->\n<title>Contactar portugu\u00e9s - Uvio<\/title>\n<meta name=\"robots\" content=\"index, follow, max-snippet:-1, max-image-preview:large, max-video-preview:-1\" \/>\n<link rel=\"canonical\" href=\"https:\/\/uviord.com\/index.php\/pt\/contactar-portugues\/\" \/>\n<meta property=\"og:locale\" content=\"es_ES\" \/>\n<meta property=\"og:type\" content=\"article\" \/>\n<meta property=\"og:title\" content=\"Contactar portugu\u00e9s - Uvio\" \/>\n<meta property=\"og:description\" content=\"Contato Contacte-nos, queremos ouvir a sua opini\u00e3o Tem alguma quest\u00e3o? Preencha este formul\u00e1rio e entraremos em contacto consigo nas pr\u00f3ximas horas.\" \/>\n<meta property=\"og:url\" content=\"https:\/\/uviord.com\/index.php\/pt\/contactar-portugues\/\" \/>\n<meta property=\"og:site_name\" content=\"Uvio\" \/>\n<meta property=\"article:modified_time\" content=\"2023-10-16T13:34:52+00:00\" \/>\n<meta name=\"twitter:card\" content=\"summary_large_image\" \/>\n<meta name=\"twitter:label1\" content=\"Tiempo de lectura\" \/>\n\t<meta name=\"twitter:data1\" content=\"1 minuto\" \/>\n<script type=\"application\/ld+json\" class=\"yoast-schema-graph\">{\"@context\":\"https:\/\/schema.org\",\"@graph\":[{\"@type\":\"WebPage\",\"@id\":\"https:\/\/uviord.com\/index.php\/pt\/contactar-portugues\/\",\"url\":\"https:\/\/uviord.com\/index.php\/pt\/contactar-portugues\/\",\"name\":\"Contactar portugu\u00e9s - Uvio\",\"isPartOf\":{\"@id\":\"https:\/\/uviord.com\/#website\"},\"datePublished\":\"2021-03-16T08:13:15+00:00\",\"dateModified\":\"2023-10-16T13:34:52+00:00\",\"breadcrumb\":{\"@id\":\"https:\/\/uviord.com\/index.php\/pt\/contactar-portugues\/#breadcrumb\"},\"inLanguage\":\"es\",\"potentialAction\":[{\"@type\":\"ReadAction\",\"target\":[\"https:\/\/uviord.com\/index.php\/pt\/contactar-portugues\/\"]}]},{\"@type\":\"BreadcrumbList\",\"@id\":\"https:\/\/uviord.com\/index.php\/pt\/contactar-portugues\/#breadcrumb\",\"itemListElement\":[{\"@type\":\"ListItem\",\"position\":1,\"name\":\"Portada\",\"item\":\"https:\/\/uviord.com\/\"},{\"@type\":\"ListItem\",\"position\":2,\"name\":\"Contactar portugu\u00e9s\"}]},{\"@type\":\"WebSite\",\"@id\":\"https:\/\/uviord.com\/#website\",\"url\":\"https:\/\/uviord.com\/\",\"name\":\"Uvio\",\"description\":\"\",\"publisher\":{\"@id\":\"https:\/\/uviord.com\/#organization\"},\"potentialAction\":[{\"@type\":\"SearchAction\",\"target\":{\"@type\":\"EntryPoint\",\"urlTemplate\":\"https:\/\/uviord.com\/?s={search_term_string}\"},\"query-input\":{\"@type\":\"PropertyValueSpecification\",\"valueRequired\":true,\"valueName\":\"search_term_string\"}}],\"inLanguage\":\"es\"},{\"@type\":\"Organization\",\"@id\":\"https:\/\/uviord.com\/#organization\",\"name\":\"Uvio\",\"url\":\"https:\/\/uviord.com\/\",\"logo\":{\"@type\":\"ImageObject\",\"inLanguage\":\"es\",\"@id\":\"https:\/\/uviord.com\/#\/schema\/logo\/image\/\",\"url\":\"https:\/\/uviord.com\/wp-content\/uploads\/2020\/06\/cropped-logo-uvio.png\",\"contentUrl\":\"https:\/\/uviord.com\/wp-content\/uploads\/2020\/06\/cropped-logo-uvio.png\",\"width\":658,\"height\":273,\"caption\":\"Uvio\"},\"image\":{\"@id\":\"https:\/\/uviord.com\/#\/schema\/logo\/image\/\"}}]}<\/script>\n<!-- \/ Yoast SEO plugin. -->","yoast_head_json":{"title":"Contactar portugu\u00e9s - Uvio","robots":{"index":"index","follow":"follow","max-snippet":"max-snippet:-1","max-image-preview":"max-image-preview:large","max-video-preview":"max-video-preview:-1"},"canonical":"https:\/\/uviord.com\/index.php\/pt\/contactar-portugues\/","og_locale":"es_ES","og_type":"article","og_title":"Contactar portugu\u00e9s - Uvio","og_description":"Contato Contacte-nos, queremos ouvir a sua opini\u00e3o Tem alguma quest\u00e3o? Preencha este formul\u00e1rio e entraremos em contacto consigo nas pr\u00f3ximas horas.","og_url":"https:\/\/uviord.com\/index.php\/pt\/contactar-portugues\/","og_site_name":"Uvio","article_modified_time":"2023-10-16T13:34:52+00:00","twitter_card":"summary_large_image","twitter_misc":{"Tiempo de lectura":"1 minuto"},"schema":{"@context":"https:\/\/schema.org","@graph":[{"@type":"WebPage","@id":"https:\/\/uviord.com\/index.php\/pt\/contactar-portugues\/","url":"https:\/\/uviord.com\/index.php\/pt\/contactar-portugues\/","name":"Contactar portugu\u00e9s - Uvio","isPartOf":{"@id":"https:\/\/uviord.com\/#website"},"datePublished":"2021-03-16T08:13:15+00:00","dateModified":"2023-10-16T13:34:52+00:00","breadcrumb":{"@id":"https:\/\/uviord.com\/index.php\/pt\/contactar-portugues\/#breadcrumb"},"inLanguage":"es","potentialAction":[{"@type":"ReadAction","target":["https:\/\/uviord.com\/index.php\/pt\/contactar-portugues\/"]}]},{"@type":"BreadcrumbList","@id":"https:\/\/uviord.com\/index.php\/pt\/contactar-portugues\/#breadcrumb","itemListElement":[{"@type":"ListItem","position":1,"name":"Portada","item":"https:\/\/uviord.com\/"},{"@type":"ListItem","position":2,"name":"Contactar portugu\u00e9s"}]},{"@type":"WebSite","@id":"https:\/\/uviord.com\/#website","url":"https:\/\/uviord.com\/","name":"Uvio","description":"","publisher":{"@id":"https:\/\/uviord.com\/#organization"},"potentialAction":[{"@type":"SearchAction","target":{"@type":"EntryPoint","urlTemplate":"https:\/\/uviord.com\/?s={search_term_string}"},"query-input":{"@type":"PropertyValueSpecification","valueRequired":true,"valueName":"search_term_string"}}],"inLanguage":"es"},{"@type":"Organization","@id":"https:\/\/uviord.com\/#organization","name":"Uvio","url":"https:\/\/uviord.com\/","logo":{"@type":"ImageObject","inLanguage":"es","@id":"https:\/\/uviord.com\/#\/schema\/logo\/image\/","url":"https:\/\/uviord.com\/wp-content\/uploads\/2020\/06\/cropped-logo-uvio.png","contentUrl":"https:\/\/uviord.com\/wp-content\/uploads\/2020\/06\/cropped-logo-uvio.png","width":658,"height":273,"caption":"Uvio"},"image":{"@id":"https:\/\/uviord.com\/#\/schema\/logo\/image\/"}}]}},"_links":{"self":[{"href":"https:\/\/uviord.com\/index.php\/wp-json\/wp\/v2\/pages\/504"}],"collection":[{"href":"https:\/\/uviord.com\/index.php\/wp-json\/wp\/v2\/pages"}],"about":[{"href":"https:\/\/uviord.com\/index.php\/wp-json\/wp\/v2\/types\/page"}],"author":[{"embeddable":true,"href":"https:\/\/uviord.com\/index.php\/wp-json\/wp\/v2\/users\/1"}],"replies":[{"embeddable":true,"href":"https:\/\/uviord.com\/index.php\/wp-json\/wp\/v2\/comments?post=504"}],"version-history":[{"count":22,"href":"https:\/\/uviord.com\/index.php\/wp-json\/wp\/v2\/pages\/504\/revisions"}],"predecessor-version":[{"id":924,"href":"https:\/\/uviord.com\/index.php\/wp-json\/wp\/v2\/pages\/504\/revisions\/924"}],"wp:attachment":[{"href":"https:\/\/uviord.com\/index.php\/wp-json\/wp\/v2\/media?parent=504"}],"curies":[{"name":"wp","href":"https:\/\/api.w.org\/{rel}","templated":true}]}}