{"id":399,"date":"2021-03-15T08:44:04","date_gmt":"2021-03-15T07:44:04","guid":{"rendered":"https:\/\/uviord.com\/?page_id=399"},"modified":"2023-10-04T16:21:09","modified_gmt":"2023-10-04T14:21:09","slug":"inicio-frances","status":"publish","type":"page","link":"https:\/\/uviord.com\/index.php\/fr\/inicio-frances\/","title":{"rendered":"Inicio Franc\u00e9s"},"content":{"rendered":"\t\t<div data-elementor-type=\"wp-page\" data-elementor-id=\"399\" class=\"elementor elementor-399\">\n\t\t\t\t\t\t<section class=\"elementor-section elementor-top-section elementor-element elementor-element-b71cb17 elementor-section-stretched elementor-section-full_width elementor-section-height-min-height elementor-section-height-default elementor-section-items-middle\" data-id=\"b71cb17\" data-element_type=\"section\" data-settings=\"{&quot;stretch_section&quot;:&quot;section-stretched&quot;}\">\n\t\t\t\t\t\t<div class=\"elementor-container elementor-column-gap-default\">\n\t\t\t\t\t<div class=\"elementor-column elementor-col-100 elementor-top-column elementor-element elementor-element-7d7f7bc\" data-id=\"7d7f7bc\" data-element_type=\"column\">\n\t\t\t<div class=\"elementor-widget-wrap elementor-element-populated\">\n\t\t\t\t\t\t<div class=\"elementor-element elementor-element-0a35a9b elementor-widget elementor-widget-video\" data-id=\"0a35a9b\" data-element_type=\"widget\" data-settings=\"{&quot;video_type&quot;:&quot;hosted&quot;,&quot;autoplay&quot;:&quot;yes&quot;,&quot;play_on_mobile&quot;:&quot;yes&quot;,&quot;mute&quot;:&quot;yes&quot;,&quot;loop&quot;:&quot;yes&quot;}\" data-widget_type=\"video.default\">\n\t\t\t\t<div class=\"elementor-widget-container\">\n\t\t\t\t\t\t\t<div class=\"e-hosted-video elementor-wrapper elementor-open-inline\">\n\t\t\t\t\t<video class=\"elementor-video\" src=\"https:\/\/uviord.com\/wp-content\/uploads\/2020\/10\/Uvio_1.mp4\" autoplay=\"\" loop=\"\" muted=\"muted\" playsinline=\"\" controlsList=\"nodownload\"><\/video>\n\t\t\t\t<\/div>\n\t\t\t\t\t\t<\/div>\n\t\t\t\t<\/div>\n\t\t\t\t\t<\/div>\n\t\t<\/div>\n\t\t\t\t\t<\/div>\n\t\t<\/section>\n\t\t\t\t<section class=\"elementor-section elementor-top-section elementor-element elementor-element-6912d75 elementor-section-full_width elementor-section-stretched elementor-hidden-tablet elementor-hidden-phone elementor-section-height-default elementor-section-height-default\" data-id=\"6912d75\" data-element_type=\"section\" data-settings=\"{&quot;stretch_section&quot;:&quot;section-stretched&quot;}\">\n\t\t\t\t\t\t<div class=\"elementor-container elementor-column-gap-default\">\n\t\t\t\t\t<div class=\"elementor-column elementor-col-33 elementor-top-column elementor-element elementor-element-ea0f718 elementor-hidden-phone\" data-id=\"ea0f718\" data-element_type=\"column\">\n\t\t\t<div class=\"elementor-widget-wrap elementor-element-populated\">\n\t\t\t\t\t\t<div class=\"elementor-element elementor-element-d82ab6e elementor-widget elementor-widget-html\" data-id=\"d82ab6e\" data-element_type=\"widget\" data-widget_type=\"html.default\">\n\t\t\t\t<div class=\"elementor-widget-container\">\n\t\t\t\t\t<div class=\"gradosfr\">Nous<\/div>\t\t\t\t<\/div>\n\t\t\t\t<\/div>\n\t\t\t\t\t<\/div>\n\t\t<\/div>\n\t\t\t\t<div class=\"elementor-column elementor-col-33 elementor-top-column elementor-element elementor-element-18d55ee\" data-id=\"18d55ee\" data-element_type=\"column\">\n\t\t\t<div class=\"elementor-widget-wrap elementor-element-populated\">\n\t\t\t\t\t\t<div class=\"elementor-element elementor-element-0b78c35 elementor-widget elementor-widget-text-editor\" data-id=\"0b78c35\" data-element_type=\"widget\" data-widget_type=\"text-editor.default\">\n\t\t\t\t<div class=\"elementor-widget-container\">\n\t\t\t\t\t\t\t\t\t<div id=\"explicacion\"><div><span lang=\"FR\">Chez\u00a0<\/span><b><span lang=\"FR\">Uvio\u00a0R&amp;D<\/span><\/b><span lang=\"FR\">, la recherche est un \u00e9l\u00e9ment essentiel.\u00a0<\/span><\/div><p>\u00a0<\/p><div><span lang=\"FR\">Nous sommes fermement engag\u00e9s dans la \u00a0<\/span><b><span lang=\"FR\">recherche et le d\u00e9veloppement de projets<\/span><\/b><span lang=\"FR\">, gr\u00e2ce au travail inlassable de notre d\u00e9partement\u00a0R + D + i\u00a0.<\/span><\/div><div>\u00a0<\/div><div><span lang=\"FR\">Nous avons plus de <\/span><b><span lang=\"FR\">30 ans d&#8217;exp\u00e9rience <\/span><\/b><span lang=\"FR\">dans la recherche et le d\u00e9veloppement de projets ax\u00e9s sur l&#8217;alimentation, la sant\u00e9, la cosm\u00e9tique ou la nutrition v\u00e9g\u00e9tale, et destin\u00e9s aux laboratoires de recherche ou aux universit\u00e9s.<\/span><\/div><div><span lang=\"FR\">\u00a0<\/span><\/div><div><p>Nous sommes conscients qu&#8217;une qualit\u00e9 ad\u00e9quate est un objectif primordial et\u00a0notre\u00a0propre\u00a0engagement\u00a0, c&#8217;est pourquoi nous assumons la responsabilit\u00e9 de mettre en \u0153uvre et de maintenir le\u00a0<strong>plus haut degr\u00e9 de qualit\u00e9 <\/strong>dans nos services.<\/p><p><span lang=\"FR\">L&#8217;ambition de notre grande \u00e9quipe de professionnels de d\u00e9couvrir, tester et grandir nous a permis d&#8217;avancer dans de \u00a0<\/span><b><span lang=\"FR\">nouvelles lignes de recherche de pointe <\/span><\/b><span lang=\"FR\">dans diff\u00e9rents domaines tels que l&#8217;alimentation, la sant\u00e9 ou la nutrition des plantes.\u00a0<\/span><\/p><\/div><\/div>\t\t\t\t\t\t\t\t<\/div>\n\t\t\t\t<\/div>\n\t\t\t\t\t<\/div>\n\t\t<\/div>\n\t\t\t\t<div class=\"elementor-column elementor-col-33 elementor-top-column elementor-element elementor-element-c40665b\" data-id=\"c40665b\" data-element_type=\"column\">\n\t\t\t<div class=\"elementor-widget-wrap\">\n\t\t\t\t\t\t\t<\/div>\n\t\t<\/div>\n\t\t\t\t\t<\/div>\n\t\t<\/section>\n\t\t\t\t<section class=\"elementor-section elementor-top-section elementor-element elementor-element-7415a3d elementor-hidden-desktop elementor-section-boxed elementor-section-height-default elementor-section-height-default\" data-id=\"7415a3d\" data-element_type=\"section\">\n\t\t\t\t\t\t<div class=\"elementor-container elementor-column-gap-default\">\n\t\t\t\t\t<div class=\"elementor-column elementor-col-100 elementor-top-column elementor-element elementor-element-32c762a\" data-id=\"32c762a\" data-element_type=\"column\">\n\t\t\t<div class=\"elementor-widget-wrap elementor-element-populated\">\n\t\t\t\t\t\t<div class=\"elementor-element elementor-element-260d4d8 elementor-widget elementor-widget-text-editor\" data-id=\"260d4d8\" data-element_type=\"widget\" data-widget_type=\"text-editor.default\">\n\t\t\t\t<div class=\"elementor-widget-container\">\n\t\t\t\t\t\t\t\t\t<center><strong><span style=\"color: #4ea3b4;\">NOUS<\/span><\/strong><\/center><p>\u00a0<\/p><p>Chez\u00a0<strong>Uvio\u00a0R&amp;D\u00a0<\/strong>, la recherche est un \u00e9l\u00e9ment essentiel.\u00a0<\/p><p>\u00a0<\/p><p>Nous sommes fermement engag\u00e9s dans la\u00a0<strong>recherche et le d\u00e9veloppement de projets\u00a0<\/strong>, gr\u00e2ce au travail inlassable de notre d\u00e9partement\u00a0R + D + i\u00a0.\u00a0Nous avons plus de\u00a0<strong>30 ans d&#8217;exp\u00e9rience\u00a0<\/strong>dans la recherche et le d\u00e9veloppement de projets ax\u00e9s sur l&#8217;alimentation, la sant\u00e9, la cosm\u00e9tique ou la nutrition v\u00e9g\u00e9tale, et destin\u00e9s aux laboratoires de recherche ou aux universit\u00e9s.\u00a0<\/p><p>\u00a0<\/p><p>Nous sommes conscients qu&#8217;une qualit\u00e9 ad\u00e9quate est un objectif primordial et\u00a0notre\u00a0propre\u00a0engagement\u00a0, c&#8217;est pourquoi nous assumons la responsabilit\u00e9 de mettre en \u0153uvre et de maintenir le\u00a0<strong>plus haut degr\u00e9 de qualit\u00e9 d<\/strong>ans nos services.<\/p><p>\u00a0<\/p><p>L&#8217;ambition de notre grande \u00e9quipe de professionnels de d\u00e9couvrir, tester et grandir nous a permis d&#8217;avancer dans de\u00a0<strong>nouvelles lignes de recherche de pointe\u00a0<\/strong>dans diff\u00e9rents domaines tels que l&#8217;alimentation, la sant\u00e9 ou la nutrition des plantes.\u00a0<\/p>\t\t\t\t\t\t\t\t<\/div>\n\t\t\t\t<\/div>\n\t\t\t\t\t<\/div>\n\t\t<\/div>\n\t\t\t\t\t<\/div>\n\t\t<\/section>\n\t\t\t\t<section class=\"elementor-section elementor-top-section elementor-element elementor-element-1a5795e elementor-section-full_width elementor-section-stretched elementor-hidden-phone elementor-section-height-default elementor-section-height-default\" data-id=\"1a5795e\" data-element_type=\"section\" data-settings=\"{&quot;stretch_section&quot;:&quot;section-stretched&quot;}\">\n\t\t\t\t\t\t<div class=\"elementor-container elementor-column-gap-default\">\n\t\t\t\t\t<div class=\"elementor-column elementor-col-100 elementor-top-column elementor-element elementor-element-282da41\" data-id=\"282da41\" data-element_type=\"column\">\n\t\t\t<div class=\"elementor-widget-wrap elementor-element-populated\">\n\t\t\t\t\t\t<div class=\"elementor-element elementor-element-c242f3c elementor-widget elementor-widget-html\" data-id=\"c242f3c\" data-element_type=\"widget\" data-widget_type=\"html.default\">\n\t\t\t\t<div class=\"elementor-widget-container\">\n\t\t\t\t\t<div id=\"vacio\"><div id=\"texto\">Nous avons un engagement convaincu dans la recherche et le d\u00e9veloppement de projets, gr\u00e2ce \u00e0 l'\u00e9norme ambition et au grand travail r\u00e9alis\u00e9 par la grande \u00e9quipe de professionnels de notre d\u00e9partement R+D+I.<\/div><\/div>\t\t\t\t<\/div>\n\t\t\t\t<\/div>\n\t\t\t\t\t<\/div>\n\t\t<\/div>\n\t\t\t\t\t<\/div>\n\t\t<\/section>\n\t\t\t\t<section class=\"elementor-section elementor-top-section elementor-element elementor-element-da21d00 elementor-section-full_width elementor-section-stretched elementor-section-height-default elementor-section-height-default\" data-id=\"da21d00\" data-element_type=\"section\" data-settings=\"{&quot;stretch_section&quot;:&quot;section-stretched&quot;}\">\n\t\t\t\t\t\t<div class=\"elementor-container elementor-column-gap-default\">\n\t\t\t\t\t<div class=\"elementor-column elementor-col-100 elementor-top-column elementor-element elementor-element-9c10a44\" data-id=\"9c10a44\" data-element_type=\"column\">\n\t\t\t<div class=\"elementor-widget-wrap elementor-element-populated\">\n\t\t\t\t\t\t<div class=\"elementor-element elementor-element-f3ddc59 elementor-hidden-desktop elementor-hidden-tablet elementor-widget elementor-widget-image\" data-id=\"f3ddc59\" data-element_type=\"widget\" data-widget_type=\"image.default\">\n\t\t\t\t<div class=\"elementor-widget-container\">\n\t\t\t\t\t\t\t\t\t\t\t\t\t\t\t<img fetchpriority=\"high\" decoding=\"async\" width=\"2400\" height=\"1468\" src=\"https:\/\/uviord.com\/wp-content\/uploads\/2020\/10\/uvio_v3.jpg\" class=\"attachment-full size-full wp-image-175\" alt=\"\" srcset=\"https:\/\/uviord.com\/wp-content\/uploads\/2020\/10\/uvio_v3.jpg 2400w, https:\/\/uviord.com\/wp-content\/uploads\/2020\/10\/uvio_v3-600x367.jpg 600w\" sizes=\"(max-width: 2400px) 100vw, 2400px\" \/>\t\t\t\t\t\t\t\t\t\t\t\t\t\t\t<\/div>\n\t\t\t\t<\/div>\n\t\t\t\t\t<\/div>\n\t\t<\/div>\n\t\t\t\t\t<\/div>\n\t\t<\/section>\n\t\t\t\t<section class=\"elementor-section elementor-top-section elementor-element elementor-element-65fe51a elementor-section-full_width elementor-section-stretched elementor-section-height-default elementor-section-height-default\" data-id=\"65fe51a\" data-element_type=\"section\" data-settings=\"{&quot;stretch_section&quot;:&quot;section-stretched&quot;}\">\n\t\t\t\t\t\t<div class=\"elementor-container elementor-column-gap-default\">\n\t\t\t\t\t<div class=\"elementor-column elementor-col-100 elementor-top-column elementor-element elementor-element-265715b\" data-id=\"265715b\" data-element_type=\"column\">\n\t\t\t<div class=\"elementor-widget-wrap elementor-element-populated\">\n\t\t\t\t\t\t<div class=\"elementor-element elementor-element-032bcd3 elementor-hidden-desktop elementor-hidden-tablet elementor-widget elementor-widget-text-editor\" data-id=\"032bcd3\" data-element_type=\"widget\" data-widget_type=\"text-editor.default\">\n\t\t\t\t<div class=\"elementor-widget-container\">\n\t\t\t\t\t\t\t\t\t<div><span lang=\"FR\">Nous avons un engagement convaincu dans la recherche et le d\u00e9veloppement de projets, gr\u00e2ce \u00e0 l&#8217;\u00e9norme ambition et au grand travail r\u00e9alis\u00e9 par la grande \u00e9quipe de professionnels de notre d\u00e9partement\u00a0R&amp;D &amp; I. <\/span><\/div>\t\t\t\t\t\t\t\t<\/div>\n\t\t\t\t<\/div>\n\t\t\t\t\t<\/div>\n\t\t<\/div>\n\t\t\t\t\t<\/div>\n\t\t<\/section>\n\t\t\t\t<section class=\"elementor-section elementor-top-section elementor-element elementor-element-11ab8c5 elementor-section-stretched elementor-section-boxed elementor-section-height-default elementor-section-height-default\" data-id=\"11ab8c5\" data-element_type=\"section\" data-settings=\"{&quot;stretch_section&quot;:&quot;section-stretched&quot;}\">\n\t\t\t\t\t\t<div class=\"elementor-container elementor-column-gap-default\">\n\t\t\t\t\t<div class=\"elementor-column elementor-col-50 elementor-top-column elementor-element elementor-element-40f7943\" data-id=\"40f7943\" data-element_type=\"column\">\n\t\t\t<div class=\"elementor-widget-wrap elementor-element-populated\">\n\t\t\t\t\t\t<div class=\"elementor-element elementor-element-25488cd elementor-widget elementor-widget-image\" data-id=\"25488cd\" data-element_type=\"widget\" data-widget_type=\"image.default\">\n\t\t\t\t<div class=\"elementor-widget-container\">\n\t\t\t\t\t\t\t\t\t\t\t\t\t\t\t<img decoding=\"async\" width=\"1024\" height=\"834\" src=\"https:\/\/uviord.com\/wp-content\/uploads\/2021\/03\/IDI-_Mesa-de-trabajo-1-copia-1024x834-1.png\" class=\"attachment-large size-large wp-image-424\" alt=\"\" srcset=\"https:\/\/uviord.com\/wp-content\/uploads\/2021\/03\/IDI-_Mesa-de-trabajo-1-copia-1024x834-1.png 1024w, https:\/\/uviord.com\/wp-content\/uploads\/2021\/03\/IDI-_Mesa-de-trabajo-1-copia-1024x834-1-600x489.png 600w\" sizes=\"(max-width: 1024px) 100vw, 1024px\" \/>\t\t\t\t\t\t\t\t\t\t\t\t\t\t\t<\/div>\n\t\t\t\t<\/div>\n\t\t\t\t\t<\/div>\n\t\t<\/div>\n\t\t\t\t<div class=\"elementor-column elementor-col-50 elementor-top-column elementor-element elementor-element-82183eb\" data-id=\"82183eb\" data-element_type=\"column\">\n\t\t\t<div class=\"elementor-widget-wrap elementor-element-populated\">\n\t\t\t\t\t\t<div class=\"elementor-element elementor-element-a3735b7 elementor-hidden-phone elementor-widget elementor-widget-text-editor\" data-id=\"a3735b7\" data-element_type=\"widget\" data-widget_type=\"text-editor.default\">\n\t\t\t\t<div class=\"elementor-widget-container\">\n\t\t\t\t\t\t\t\t\t<p>Innovation<\/p>\t\t\t\t\t\t\t\t<\/div>\n\t\t\t\t<\/div>\n\t\t\t\t<div class=\"elementor-element elementor-element-74fdf89 elementor-hidden-desktop elementor-hidden-tablet elementor-widget elementor-widget-text-editor\" data-id=\"74fdf89\" data-element_type=\"widget\" data-widget_type=\"text-editor.default\">\n\t\t\t\t<div class=\"elementor-widget-container\">\n\t\t\t\t\t\t\t\t\t<p>Innovation<\/p>\t\t\t\t\t\t\t\t<\/div>\n\t\t\t\t<\/div>\n\t\t\t\t<div class=\"elementor-element elementor-element-e38afdd elementor-widget elementor-widget-text-editor\" data-id=\"e38afdd\" data-element_type=\"widget\" data-widget_type=\"text-editor.default\">\n\t\t\t\t<div class=\"elementor-widget-container\">\n\t\t\t\t\t\t\t\t\t<p>L&#8217;effort d&#8217;innovation de notre d\u00e9partement\u00a0R + D + i\u00a0et la capacit\u00e9 d&#8217;adaptation aux diff\u00e9rents march\u00e9s nous guident dans le\u00a0<strong>d\u00e9veloppement de nouveaux projets\u00a0<\/strong>.<\/p>\t\t\t\t\t\t\t\t<\/div>\n\t\t\t\t<\/div>\n\t\t\t\t\t<\/div>\n\t\t<\/div>\n\t\t\t\t\t<\/div>\n\t\t<\/section>\n\t\t\t\t<\/div>\n\t\t","protected":false},"excerpt":{"rendered":"<p>https:\/\/uviord.com\/wp-content\/uploads\/2020\/10\/Uvio_1.mp4 Nous Chez\u00a0Uvio\u00a0R&amp;D, la recherche est un \u00e9l\u00e9ment essentiel.\u00a0 \u00a0 Nous sommes fermement engag\u00e9s dans la \u00a0recherche et le d\u00e9veloppement de projets, gr\u00e2ce au travail inlassable de notre d\u00e9partement\u00a0R + D + i\u00a0.\u00a0Nous avons plus de 30 ans d&#8217;exp\u00e9rience dans la recherche et le d\u00e9veloppement de projets ax\u00e9s sur l&#8217;alimentation, la sant\u00e9, la cosm\u00e9tique ou [&hellip;]<\/p>\n","protected":false},"author":1,"featured_media":0,"parent":0,"menu_order":0,"comment_status":"closed","ping_status":"open","template":"elementor_header_footer","meta":{"_monsterinsights_skip_tracking":false,"_monsterinsights_sitenote_active":false,"_monsterinsights_sitenote_note":"","_monsterinsights_sitenote_category":0,"footnotes":""},"yoast_head":"<!-- This site is optimized with the Yoast SEO plugin v24.5 - https:\/\/yoast.com\/wordpress\/plugins\/seo\/ -->\n<title>Inicio Franc\u00e9s - Uvio<\/title>\n<meta name=\"robots\" content=\"index, follow, max-snippet:-1, max-image-preview:large, max-video-preview:-1\" \/>\n<link rel=\"canonical\" href=\"https:\/\/uviord.com\/index.php\/fr\/inicio-frances\/\" \/>\n<meta property=\"og:locale\" content=\"es_ES\" \/>\n<meta property=\"og:type\" content=\"article\" \/>\n<meta property=\"og:title\" content=\"Inicio Franc\u00e9s - Uvio\" \/>\n<meta property=\"og:description\" content=\"https:\/\/uviord.com\/wp-content\/uploads\/2020\/10\/Uvio_1.mp4 Nous Chez\u00a0Uvio\u00a0R&amp;D, la recherche est un \u00e9l\u00e9ment essentiel.\u00a0 \u00a0 Nous sommes fermement engag\u00e9s dans la \u00a0recherche et le d\u00e9veloppement de projets, gr\u00e2ce au travail inlassable de notre d\u00e9partement\u00a0R + D + i\u00a0.\u00a0Nous avons plus de 30 ans d&#8217;exp\u00e9rience dans la recherche et le d\u00e9veloppement de projets ax\u00e9s sur l&#8217;alimentation, la sant\u00e9, la cosm\u00e9tique ou [&hellip;]\" \/>\n<meta property=\"og:url\" content=\"https:\/\/uviord.com\/index.php\/fr\/inicio-frances\/\" \/>\n<meta property=\"og:site_name\" content=\"Uvio\" \/>\n<meta property=\"article:modified_time\" content=\"2023-10-04T14:21:09+00:00\" \/>\n<meta property=\"og:image\" content=\"https:\/\/uviord.com\/wp-content\/uploads\/2020\/10\/uvio_v3.jpg\" \/>\n<meta name=\"twitter:card\" content=\"summary_large_image\" \/>\n<meta name=\"twitter:label1\" content=\"Tiempo de lectura\" \/>\n\t<meta name=\"twitter:data1\" content=\"3 minutos\" \/>\n<script type=\"application\/ld+json\" class=\"yoast-schema-graph\">{\"@context\":\"https:\/\/schema.org\",\"@graph\":[{\"@type\":\"WebPage\",\"@id\":\"https:\/\/uviord.com\/index.php\/fr\/inicio-frances\/\",\"url\":\"https:\/\/uviord.com\/index.php\/fr\/inicio-frances\/\",\"name\":\"Inicio Franc\u00e9s - Uvio\",\"isPartOf\":{\"@id\":\"https:\/\/uviord.com\/#website\"},\"primaryImageOfPage\":{\"@id\":\"https:\/\/uviord.com\/index.php\/fr\/inicio-frances\/#primaryimage\"},\"image\":{\"@id\":\"https:\/\/uviord.com\/index.php\/fr\/inicio-frances\/#primaryimage\"},\"thumbnailUrl\":\"https:\/\/uviord.com\/wp-content\/uploads\/2020\/10\/uvio_v3.jpg\",\"datePublished\":\"2021-03-15T07:44:04+00:00\",\"dateModified\":\"2023-10-04T14:21:09+00:00\",\"breadcrumb\":{\"@id\":\"https:\/\/uviord.com\/index.php\/fr\/inicio-frances\/#breadcrumb\"},\"inLanguage\":\"es\",\"potentialAction\":[{\"@type\":\"ReadAction\",\"target\":[\"https:\/\/uviord.com\/index.php\/fr\/inicio-frances\/\"]}]},{\"@type\":\"ImageObject\",\"inLanguage\":\"es\",\"@id\":\"https:\/\/uviord.com\/index.php\/fr\/inicio-frances\/#primaryimage\",\"url\":\"https:\/\/uviord.com\/wp-content\/uploads\/2020\/10\/uvio_v3.jpg\",\"contentUrl\":\"https:\/\/uviord.com\/wp-content\/uploads\/2020\/10\/uvio_v3.jpg\",\"width\":2400,\"height\":1468},{\"@type\":\"BreadcrumbList\",\"@id\":\"https:\/\/uviord.com\/index.php\/fr\/inicio-frances\/#breadcrumb\",\"itemListElement\":[{\"@type\":\"ListItem\",\"position\":1,\"name\":\"Portada\",\"item\":\"https:\/\/uviord.com\/\"},{\"@type\":\"ListItem\",\"position\":2,\"name\":\"Inicio Franc\u00e9s\"}]},{\"@type\":\"WebSite\",\"@id\":\"https:\/\/uviord.com\/#website\",\"url\":\"https:\/\/uviord.com\/\",\"name\":\"Uvio\",\"description\":\"\",\"publisher\":{\"@id\":\"https:\/\/uviord.com\/#organization\"},\"potentialAction\":[{\"@type\":\"SearchAction\",\"target\":{\"@type\":\"EntryPoint\",\"urlTemplate\":\"https:\/\/uviord.com\/?s={search_term_string}\"},\"query-input\":{\"@type\":\"PropertyValueSpecification\",\"valueRequired\":true,\"valueName\":\"search_term_string\"}}],\"inLanguage\":\"es\"},{\"@type\":\"Organization\",\"@id\":\"https:\/\/uviord.com\/#organization\",\"name\":\"Uvio\",\"url\":\"https:\/\/uviord.com\/\",\"logo\":{\"@type\":\"ImageObject\",\"inLanguage\":\"es\",\"@id\":\"https:\/\/uviord.com\/#\/schema\/logo\/image\/\",\"url\":\"https:\/\/uviord.com\/wp-content\/uploads\/2020\/06\/cropped-logo-uvio.png\",\"contentUrl\":\"https:\/\/uviord.com\/wp-content\/uploads\/2020\/06\/cropped-logo-uvio.png\",\"width\":658,\"height\":273,\"caption\":\"Uvio\"},\"image\":{\"@id\":\"https:\/\/uviord.com\/#\/schema\/logo\/image\/\"}}]}<\/script>\n<!-- \/ Yoast SEO plugin. -->","yoast_head_json":{"title":"Inicio Franc\u00e9s - Uvio","robots":{"index":"index","follow":"follow","max-snippet":"max-snippet:-1","max-image-preview":"max-image-preview:large","max-video-preview":"max-video-preview:-1"},"canonical":"https:\/\/uviord.com\/index.php\/fr\/inicio-frances\/","og_locale":"es_ES","og_type":"article","og_title":"Inicio Franc\u00e9s - Uvio","og_description":"https:\/\/uviord.com\/wp-content\/uploads\/2020\/10\/Uvio_1.mp4 Nous Chez\u00a0Uvio\u00a0R&amp;D, la recherche est un \u00e9l\u00e9ment essentiel.\u00a0 \u00a0 Nous sommes fermement engag\u00e9s dans la \u00a0recherche et le d\u00e9veloppement de projets, gr\u00e2ce au travail inlassable de notre d\u00e9partement\u00a0R + D + i\u00a0.\u00a0Nous avons plus de 30 ans d&#8217;exp\u00e9rience dans la recherche et le d\u00e9veloppement de projets ax\u00e9s sur l&#8217;alimentation, la sant\u00e9, la cosm\u00e9tique ou [&hellip;]","og_url":"https:\/\/uviord.com\/index.php\/fr\/inicio-frances\/","og_site_name":"Uvio","article_modified_time":"2023-10-04T14:21:09+00:00","og_image":[{"url":"https:\/\/uviord.com\/wp-content\/uploads\/2020\/10\/uvio_v3.jpg","type":"","width":"","height":""}],"twitter_card":"summary_large_image","twitter_misc":{"Tiempo de lectura":"3 minutos"},"schema":{"@context":"https:\/\/schema.org","@graph":[{"@type":"WebPage","@id":"https:\/\/uviord.com\/index.php\/fr\/inicio-frances\/","url":"https:\/\/uviord.com\/index.php\/fr\/inicio-frances\/","name":"Inicio Franc\u00e9s - Uvio","isPartOf":{"@id":"https:\/\/uviord.com\/#website"},"primaryImageOfPage":{"@id":"https:\/\/uviord.com\/index.php\/fr\/inicio-frances\/#primaryimage"},"image":{"@id":"https:\/\/uviord.com\/index.php\/fr\/inicio-frances\/#primaryimage"},"thumbnailUrl":"https:\/\/uviord.com\/wp-content\/uploads\/2020\/10\/uvio_v3.jpg","datePublished":"2021-03-15T07:44:04+00:00","dateModified":"2023-10-04T14:21:09+00:00","breadcrumb":{"@id":"https:\/\/uviord.com\/index.php\/fr\/inicio-frances\/#breadcrumb"},"inLanguage":"es","potentialAction":[{"@type":"ReadAction","target":["https:\/\/uviord.com\/index.php\/fr\/inicio-frances\/"]}]},{"@type":"ImageObject","inLanguage":"es","@id":"https:\/\/uviord.com\/index.php\/fr\/inicio-frances\/#primaryimage","url":"https:\/\/uviord.com\/wp-content\/uploads\/2020\/10\/uvio_v3.jpg","contentUrl":"https:\/\/uviord.com\/wp-content\/uploads\/2020\/10\/uvio_v3.jpg","width":2400,"height":1468},{"@type":"BreadcrumbList","@id":"https:\/\/uviord.com\/index.php\/fr\/inicio-frances\/#breadcrumb","itemListElement":[{"@type":"ListItem","position":1,"name":"Portada","item":"https:\/\/uviord.com\/"},{"@type":"ListItem","position":2,"name":"Inicio Franc\u00e9s"}]},{"@type":"WebSite","@id":"https:\/\/uviord.com\/#website","url":"https:\/\/uviord.com\/","name":"Uvio","description":"","publisher":{"@id":"https:\/\/uviord.com\/#organization"},"potentialAction":[{"@type":"SearchAction","target":{"@type":"EntryPoint","urlTemplate":"https:\/\/uviord.com\/?s={search_term_string}"},"query-input":{"@type":"PropertyValueSpecification","valueRequired":true,"valueName":"search_term_string"}}],"inLanguage":"es"},{"@type":"Organization","@id":"https:\/\/uviord.com\/#organization","name":"Uvio","url":"https:\/\/uviord.com\/","logo":{"@type":"ImageObject","inLanguage":"es","@id":"https:\/\/uviord.com\/#\/schema\/logo\/image\/","url":"https:\/\/uviord.com\/wp-content\/uploads\/2020\/06\/cropped-logo-uvio.png","contentUrl":"https:\/\/uviord.com\/wp-content\/uploads\/2020\/06\/cropped-logo-uvio.png","width":658,"height":273,"caption":"Uvio"},"image":{"@id":"https:\/\/uviord.com\/#\/schema\/logo\/image\/"}}]}},"_links":{"self":[{"href":"https:\/\/uviord.com\/index.php\/wp-json\/wp\/v2\/pages\/399"}],"collection":[{"href":"https:\/\/uviord.com\/index.php\/wp-json\/wp\/v2\/pages"}],"about":[{"href":"https:\/\/uviord.com\/index.php\/wp-json\/wp\/v2\/types\/page"}],"author":[{"embeddable":true,"href":"https:\/\/uviord.com\/index.php\/wp-json\/wp\/v2\/users\/1"}],"replies":[{"embeddable":true,"href":"https:\/\/uviord.com\/index.php\/wp-json\/wp\/v2\/comments?post=399"}],"version-history":[{"count":33,"href":"https:\/\/uviord.com\/index.php\/wp-json\/wp\/v2\/pages\/399\/revisions"}],"predecessor-version":[{"id":851,"href":"https:\/\/uviord.com\/index.php\/wp-json\/wp\/v2\/pages\/399\/revisions\/851"}],"wp:attachment":[{"href":"https:\/\/uviord.com\/index.php\/wp-json\/wp\/v2\/media?parent=399"}],"curies":[{"name":"wp","href":"https:\/\/api.w.org\/{rel}","templated":true}]}}